{"id":16760,"date":"2026-03-31T14:45:31","date_gmt":"2026-03-31T13:45:31","guid":{"rendered":"https:\/\/lifeamarnatura2000.eu\/capacity-building\/"},"modified":"2026-03-31T15:14:12","modified_gmt":"2026-03-31T14:14:12","slug":"capacity-building-en-italia","status":"publish","type":"page","link":"https:\/\/lifeamarnatura2000.eu\/es\/capacity-building-en-italia\/","title":{"rendered":"Capacity building en Italia"},"content":{"rendered":"[vc_row type=\u00bbfull_width_background\u00bb full_screen_row_position=\u00bbmiddle\u00bb column_margin=\u00bbdefault\u00bb column_direction=\u00bbdefault\u00bb column_direction_tablet=\u00bbdefault\u00bb column_direction_phone=\u00bbdefault\u00bb bg_image=\u00bb14962&#8243; bg_image_tablet=\u00bb6448&#8243; bg_image_phone=\u00bb6448&#8243; bg_position=\u00bbcenter center\u00bb background_image_loading=\u00bbdefault\u00bb bg_repeat=\u00bbno-repeat\u00bb scene_position=\u00bbcenter\u00bb top_padding=\u00bb500px\u00bb top_padding_tablet=\u00bb350px\u00bb top_padding_phone=\u00bb250px\u00bb text_color=\u00bbdark\u00bb text_align=\u00bbleft\u00bb row_border_radius=\u00bbnone\u00bb row_border_radius_applies=\u00bbbg\u00bb overflow=\u00bbvisible\u00bb enable_gradient=\u00bbtrue\u00bb color_overlay=\u00bb#001c6b\u00bb advanced_gradient_angle=\u00bb0&#8243; overlay_strength=\u00bb0.8&#8243; gradient_direction=\u00bbtop_to_bottom\u00bb enable_shape_divider=\u00bbtrue\u00bb shape_divider_color=\u00bb#ecfcff\u00bb shape_divider_position=\u00bbbottom\u00bb shape_divider_height=\u00bb30%\u00bb shape_divider_height_tablet=\u00bb25%\u00bb shape_divider_height_phone=\u00bb22%\u00bb bg_image_animation=\u00bbnone\u00bb gradient_type=\u00bbdefault\u00bb shape_type=\u00bbmountains\u00bb][vc_column column_padding=\u00bbno-extra-padding\u00bb column_padding_tablet=\u00bbinherit\u00bb column_padding_phone=\u00bbinherit\u00bb column_padding_position=\u00bball\u00bb column_element_spacing=\u00bbdefault\u00bb background_color_opacity=\u00bb1&#8243; background_hover_color_opacity=\u00bb1&#8243; column_shadow=\u00bbnone\u00bb column_border_radius=\u00bbnone\u00bb column_link_target=\u00bb_self\u00bb column_position=\u00bbdefault\u00bb gradient_direction=\u00bbleft_to_right\u00bb overlay_strength=\u00bb0.3&#8243; width=\u00bb1\/1&#8243; tablet_width_inherit=\u00bbdefault\u00bb tablet_text_alignment=\u00bbdefault\u00bb phone_text_alignment=\u00bbdefault\u00bb animation_type=\u00bbdefault\u00bb bg_image_animation=\u00bbnone\u00bb border_type=\u00bbsimple\u00bb column_border_width=\u00bbnone\u00bb column_border_style=\u00bbsolid\u00bb][\/vc_column][\/vc_row][vc_row type=\u00bbfull_width_background\u00bb full_screen_row_position=\u00bbmiddle\u00bb column_margin=\u00bbdefault\u00bb column_direction=\u00bbdefault\u00bb column_direction_tablet=\u00bbdefault\u00bb column_direction_phone=\u00bbdefault\u00bb bg_color=\u00bb#ecfcff\u00bb scene_position=\u00bbcenter\u00bb top_padding=\u00bb65px\u00bb bottom_padding=\u00bb30px\u00bb top_padding_phone=\u00bb40px\u00bb bottom_padding_phone=\u00bb0px\u00bb constrain_group_8=\u00bbyes\u00bb text_color=\u00bbdark\u00bb text_align=\u00bbleft\u00bb row_border_radius=\u00bbnone\u00bb row_border_radius_applies=\u00bbbg\u00bb overflow=\u00bbvisible\u00bb advanced_gradient_angle=\u00bb0&#8243; overlay_strength=\u00bb0.3&#8243; gradient_direction=\u00bbleft_to_right\u00bb shape_divider_position=\u00bbbottom\u00bb bg_image_animation=\u00bbnone\u00bb gradient_type=\u00bbdefault\u00bb shape_type=\u00bb\u00bb][vc_column column_padding=\u00bbno-extra-padding\u00bb column_padding_tablet=\u00bbinherit\u00bb column_padding_phone=\u00bbinherit\u00bb column_padding_position=\u00bball\u00bb column_element_spacing=\u00bbdefault\u00bb background_color_opacity=\u00bb1&#8243; background_hover_color_opacity=\u00bb1&#8243; column_shadow=\u00bbnone\u00bb column_border_radius=\u00bbnone\u00bb column_link_target=\u00bb_self\u00bb column_position=\u00bbdefault\u00bb advanced_gradient_angle=\u00bb0&#8243; gradient_direction=\u00bbleft_to_right\u00bb overlay_strength=\u00bb0.3&#8243; width=\u00bb1\/6&#8243; tablet_width_inherit=\u00bbdefault\u00bb tablet_text_alignment=\u00bbdefault\u00bb phone_text_alignment=\u00bbdefault\u00bb animation_type=\u00bbdefault\u00bb bg_image_animation=\u00bbnone\u00bb border_type=\u00bbsimple\u00bb column_border_width=\u00bbnone\u00bb column_border_style=\u00bbsolid\u00bb gradient_type=\u00bbdefault\u00bb][\/vc_column][vc_column column_padding=\u00bbno-extra-padding\u00bb column_padding_tablet=\u00bbinherit\u00bb column_padding_phone=\u00bbinherit\u00bb column_padding_position=\u00bball\u00bb column_element_spacing=\u00bbdefault\u00bb background_color_opacity=\u00bb1&#8243; background_hover_color_opacity=\u00bb1&#8243; column_shadow=\u00bbnone\u00bb column_border_radius=\u00bbnone\u00bb column_link_target=\u00bb_self\u00bb column_position=\u00bbdefault\u00bb gradient_direction=\u00bbleft_to_right\u00bb overlay_strength=\u00bb0.3&#8243; width=\u00bb2\/3&#8243; tablet_width_inherit=\u00bbdefault\u00bb tablet_text_alignment=\u00bbdefault\u00bb phone_text_alignment=\u00bbdefault\u00bb animation_type=\u00bbdefault\u00bb bg_image_animation=\u00bbnone\u00bb border_type=\u00bbsimple\u00bb column_border_width=\u00bbnone\u00bb column_border_style=\u00bbsolid\u00bb][vc_column_text el_class=\u00bbcustom-font-size\u00bb]<em>21 de marzo de 2026<\/em>[\/vc_column_text][vc_custom_heading text=\u00bbConcluido el recorrido italiano de formaci\u00f3n y capacitaci\u00f3n de LIFE A-MAR: azione B.3&#8243; font_container=\u00bbtag:h1|font_size:40px|text_align:left|color:%230f326c|line_height:48px\u00bb use_theme_fonts=\u00bbyes\u00bb][\/vc_column][vc_column column_padding=\u00bbno-extra-padding\u00bb column_padding_tablet=\u00bbinherit\u00bb column_padding_phone=\u00bbinherit\u00bb column_padding_position=\u00bball\u00bb column_element_spacing=\u00bbdefault\u00bb background_color_opacity=\u00bb1&#8243; background_hover_color_opacity=\u00bb1&#8243; column_shadow=\u00bbnone\u00bb column_border_radius=\u00bbnone\u00bb column_link_target=\u00bb_self\u00bb column_position=\u00bbdefault\u00bb gradient_direction=\u00bbleft_to_right\u00bb overlay_strength=\u00bb0.3&#8243; width=\u00bb1\/6&#8243; tablet_width_inherit=\u00bbdefault\u00bb tablet_text_alignment=\u00bbdefault\u00bb phone_text_alignment=\u00bbdefault\u00bb animation_type=\u00bbdefault\u00bb bg_image_animation=\u00bbnone\u00bb border_type=\u00bbsimple\u00bb column_border_width=\u00bbnone\u00bb column_border_style=\u00bbsolid\u00bb][\/vc_column][\/vc_row][vc_row type=\u00bbfull_width_background\u00bb full_screen_row_position=\u00bbmiddle\u00bb column_margin=\u00bbdefault\u00bb column_direction=\u00bbdefault\u00bb column_direction_tablet=\u00bbdefault\u00bb column_direction_phone=\u00bbdefault\u00bb bg_color=\u00bb#ecfcff\u00bb scene_position=\u00bbcenter\u00bb bottom_padding=\u00bb100px\u00bb bottom_padding_phone=\u00bb40px\u00bb text_color=\u00bbdark\u00bb text_align=\u00bbleft\u00bb row_border_radius=\u00bbnone\u00bb row_border_radius_applies=\u00bbbg\u00bb overflow=\u00bbvisible\u00bb advanced_gradient_angle=\u00bb0&#8243; overlay_strength=\u00bb0.3&#8243; gradient_direction=\u00bbleft_to_right\u00bb shape_divider_position=\u00bbbottom\u00bb bg_image_animation=\u00bbnone\u00bb gradient_type=\u00bbdefault\u00bb shape_type=\u00bb\u00bb][vc_column column_padding=\u00bbno-extra-padding\u00bb column_padding_tablet=\u00bbinherit\u00bb column_padding_phone=\u00bbinherit\u00bb column_padding_position=\u00bball\u00bb column_element_spacing=\u00bbdefault\u00bb background_color_opacity=\u00bb1&#8243; background_hover_color_opacity=\u00bb1&#8243; column_shadow=\u00bbnone\u00bb column_border_radius=\u00bbnone\u00bb column_link_target=\u00bb_self\u00bb column_position=\u00bbdefault\u00bb gradient_direction=\u00bbleft_to_right\u00bb overlay_strength=\u00bb0.3&#8243; width=\u00bb2\/12&#8243; tablet_width_inherit=\u00bbdefault\u00bb tablet_text_alignment=\u00bbdefault\u00bb phone_text_alignment=\u00bbdefault\u00bb animation_type=\u00bbdefault\u00bb bg_image_animation=\u00bbnone\u00bb border_type=\u00bbsimple\u00bb column_border_width=\u00bbnone\u00bb column_border_style=\u00bbsolid\u00bb][\/vc_column][vc_column column_padding=\u00bbno-extra-padding\u00bb column_padding_tablet=\u00bbinherit\u00bb column_padding_phone=\u00bbinherit\u00bb column_padding_position=\u00bball\u00bb column_element_spacing=\u00bbdefault\u00bb background_color_opacity=\u00bb1&#8243; background_hover_color_opacity=\u00bb1&#8243; column_shadow=\u00bbnone\u00bb column_border_radius=\u00bbnone\u00bb column_link_target=\u00bb_self\u00bb column_position=\u00bbdefault\u00bb gradient_direction=\u00bbleft_to_right\u00bb overlay_strength=\u00bb0.3&#8243; width=\u00bb8\/12&#8243; tablet_width_inherit=\u00bbdefault\u00bb tablet_text_alignment=\u00bbdefault\u00bb phone_text_alignment=\u00bbdefault\u00bb animation_type=\u00bbdefault\u00bb bg_image_animation=\u00bbnone\u00bb border_type=\u00bbsimple\u00bb column_border_width=\u00bbnone\u00bb column_border_style=\u00bbsolid\u00bb][vc_column_text el_class=\u00bbcustom-font-size\u00bb]<strong>Se ha concluido el recorrido italiano de la Acci\u00f3n B.3 del proyecto LIFE A-MAR, dedicado a la formaci\u00f3n y al fortalecimiento de capacidades para entidades gestoras de sitios marinos Natura 2000 y stakeholders. <\/strong>Coordinado por Federparchi, el ciclo incluy\u00f3 12 sesiones formativas realizadas entre junio de 2025 y marzo de 2026, concebidas como un recorrido coherente pero flexible, capaz de adaptarse a los distintos contextos territoriales y a las necesidades de los p\u00fablicos implicados.[\/vc_column_text][image_with_animation image_url=\u00bb15433&#8243; image_size=\u00bbfull\u00bb animation_type=\u00bbentrance\u00bb animation=\u00bbFade In\u00bb hover_animation=\u00bbnone\u00bb alignment=\u00bb\u00bb border_radius=\u00bbnone\u00bb box_shadow=\u00bbnone\u00bb image_loading=\u00bbdefault\u00bb max_width=\u00bb100%\u00bb max_width_mobile=\u00bbdefault\u00bb][divider line_type=\u00bbNo Line\u00bb custom_height=\u00bb40px\u00bb][vc_column_text el_class=\u00bbcustom-font-size\u00bb]Uno de los elementos de mayor valor de la actividad fue el m\u00e9todo. El programa se estructur\u00f3 seg\u00fan una progresi\u00f3n clara: una primera parte de encuadre general sobre los temas de la Red Natura 2000 marina, la comunicaci\u00f3n y el marco europeo; una segunda parte m\u00e1s territorial y operativa, desarrollada con los tres parques cofinanciadores; y finalmente una serie de encuentros t\u00e9cnicos y pol\u00edtico-institucionales dedicados a los instrumentos de gesti\u00f3n, los formularios est\u00e1ndar, los objetivos y las medidas de conservaci\u00f3n, as\u00ed como a los nuevos retos normativos, como el Reglamento europeo sobre la Restauraci\u00f3n de la Naturaleza.<\/p>\n<p>El recorrido integr\u00f3 de manera constante contenidos de conservaci\u00f3n y de comunicaci\u00f3n, partiendo de la idea de que la gesti\u00f3n eficaz de los sitios marinos Natura 2000 requiere no solo competencias t\u00e9cnicas, sino tambi\u00e9n la capacidad de traducir temas complejos en mensajes claros, accesibles y \u00fatiles para visitantes, operadores y comunidades locales.<\/p>\n<p>Desde el punto de vista de los resultados, la Acci\u00f3n B.3 involucr\u00f3 a entidades gestoras, t\u00e9cnicos, educadores ambientales, gu\u00edas, operadores del sector tur\u00edstico, profesionales y otros stakeholders activos en los territorios. Los 12 encuentros registraron en total 420 participantes, superando ampliamente el objetivo m\u00ednimo de 250 previsto para el componente italiano.<\/p>\n<p>El recorrido tambi\u00e9n cont\u00f3 con la contribuci\u00f3n de ponentes procedentes de instituciones y organizaciones de \u00e1mbito nacional y europeo, entre ellas el Ministerio de Medio Ambiente y Seguridad Energ\u00e9tica, la Comisi\u00f3n Europea, ISPRA, ISTAT, IUCN Europe, Sogesid, Federparchi y los parques cofinanciadores. Esto reforz\u00f3 el valor t\u00e9cnico e institucional de las actividades y favoreci\u00f3 el intercambio entre distintos niveles, desde el marco europeo hasta la gesti\u00f3n pr\u00e1ctica sobre el terreno.<\/p>\n<p>En el marco de los encuentros dirigidos a gu\u00edas, educadores ambientales y operadores locales de los tres parques cofinanciadores, Federparchi utiliz\u00f3 tambi\u00e9n sesiones interactivas a trav\u00e9s de Mentimeter como herramienta participativa para poner de manifiesto percepciones, malentendidos recurrentes y mensajes clave sobre la Red Natura 2000 marina. De los resultados surgi\u00f3 una base com\u00fan muy s\u00f3lida, vinculada a la biodiversidad, la protecci\u00f3n, los h\u00e1bitats y la conservaci\u00f3n, pero tambi\u00e9n la necesidad de aclarar mejor la distinci\u00f3n entre los sitios Natura 2000 y las \u00e1reas marinas protegidas, reforzando as\u00ed la capacidad narrativa de los operadores sobre el terreno.<\/p>\n<p>Entre los principales resultados alcanzados destacan el fortalecimiento del conocimiento sobre la Red Natura 2000 marina, una mayor capacidad de interpretar los temas de biodiversidad tambi\u00e9n desde el punto de vista comunicativo, el intercambio de buenas pr\u00e1cticas y casos aplicados, y una integraci\u00f3n m\u00e1s s\u00f3lida entre la dimensi\u00f3n general del proyecto y las necesidades espec\u00edficas de los territorios.<\/p>\n<p>Como subraya Luca Santini, presidente de Federparchi: <em>\u201cCon la Acci\u00f3n B.3 hemos querido construir no solo un ciclo de encuentros, sino un verdadero espacio com\u00fan de trabajo entre instituciones, entidades gestoras, t\u00e9cnicos, gu\u00edas y operadores de los territorios. La protecci\u00f3n de los sitios marinos Natura 2000 pasa tambi\u00e9n por la capacidad de hablar un lenguaje compartido, de explicar el valor de la biodiversidad y de implicar de forma concreta a quienes viven y frecuentan estos espacios. Este recorrido ha aportado resultados significativos tanto en t\u00e9rminos de participaci\u00f3n como de calidad del intercambio, y confirma el papel de Federparchi en conectar a distintos actores en torno a una visi\u00f3n compartida de la conservaci\u00f3n.\u201d<\/em><\/p>\n<p>La experiencia italiana de la Acci\u00f3n B.3 ha demostrado tambi\u00e9n con claridad el valor del enfoque de Federparchi: poner en relaci\u00f3n administraciones centrales, entidades gestoras, \u00e1reas protegidas, t\u00e9cnicos, comunicadores, educadores ambientales y expertos, creando un espacio concreto de coordinaci\u00f3n, aprendizaje mutuo y construcci\u00f3n de lenguajes compartidos. Un resultado importante, ya que la calidad de la protecci\u00f3n y la comunicaci\u00f3n de los sitios marinos Natura 2000 depende cada vez m\u00e1s de la capacidad de los distintos actores de trabajar juntos de manera coherente y eficaz.<\/p>\n<p>Por \u00faltimo, para garantizar la continuidad y la capitalizaci\u00f3n de los resultados, el \u00faltimo encuentro del ciclo, dedicado al Reglamento europeo sobre la Restauraci\u00f3n de la Naturaleza, se ha puesto tambi\u00e9n a disposici\u00f3n en l\u00ednea en el canal de YouTube de Federparchi, de modo que pueda ser consultado posteriormente por otras organizaciones y operadores interesados.[\/vc_column_text][vc_video link=\u00bbhttps:\/\/youtu.be\/9OMNq0E2C3o?si=FwYrPnmouFlaEuHH\u00bb][\/vc_column][\/vc_row]\n","protected":false},"excerpt":{"rendered":"<p>[vc_row type=\u00bbfull_width_background\u00bb full_screen_row_position=\u00bbmiddle\u00bb column_margin=\u00bbdefault\u00bb column_direction=\u00bbdefault\u00bb column_direction_tablet=\u00bbdefault\u00bb column_direction_phone=\u00bbdefault\u00bb bg_image=\u00bb14962&#8243; bg_image_tablet=\u00bb6448&#8243; bg_image_phone=\u00bb6448&#8243; bg_position=\u00bbcenter center\u00bb background_image_loading=\u00bbdefault\u00bb bg_repeat=\u00bbno-repeat\u00bb scene_position=\u00bbcenter\u00bb top_padding=\u00bb500px\u00bb top_padding_tablet=\u00bb350px\u00bb top_padding_phone=\u00bb250px\u00bb text_color=\u00bbdark\u00bb text_align=\u00bbleft\u00bb row_border_radius=\u00bbnone\u00bb row_border_radius_applies=\u00bbbg\u00bb overflow=\u00bbvisible\u00bb enable_gradient=\u00bbtrue\u00bb color_overlay=\u00bb#001c6b\u00bb advanced_gradient_angle=\u00bb0&#8243; overlay_strength=\u00bb0.8&#8243; gradient_direction=\u00bbtop_to_bottom\u00bb enable_shape_divider=\u00bbtrue\u00bb shape_divider_color=\u00bb#ecfcff\u00bb&#8230;<\/p>\n","protected":false},"author":2,"featured_media":15435,"parent":0,"menu_order":0,"comment_status":"closed","ping_status":"closed","template":"","meta":{"inline_featured_image":false,"_monsterinsights_skip_tracking":false,"_monsterinsights_sitenote_active":false,"_monsterinsights_sitenote_note":"","_monsterinsights_sitenote_category":0,"amar_nazione":"","amar_regione":"","amar_codice":"","amar_tipologia":"","amar_ente":"","amar_habitat":"","amar_fauna":"","amar_flora":"","amar_link":"","amar_email":"","amar_contatti":"","amar_media":"","amar_tipo_sito":"","amar_reg_biog":"","amar_aggiorn":"","amar_fuso":"","amar_area":"","amar_perimeter":"","amar_hectares":"","amar_nowprint":"","amar_sic_zsc":"","amar_kml_coords_simple":"","amar_insert_gallery_img":"","amar_gallery_approved":[],"amar_gallery_massive":[]},"acf":[],"yoast_head":"<!-- This site is optimized with the Yoast SEO plugin v21.8 - https:\/\/yoast.com\/wordpress\/plugins\/seo\/ -->\n<title>Capacity building en Italia - LIFE A-MAR<\/title>\n<meta name=\"description\" content=\"Se ha concluido el recorrido italiano de la Acci\u00f3n B.3 del proyecto LIFE A-MAR, dedicado a la formaci\u00f3n y al fortalecimiento de capacidades para entidades gestoras de sitios marinos Natura 2000 y stakeholders. Coordinado por Federparchi, el ciclo incluy\u00f3 12 sesiones formativas realizadas entre junio de 2025 y marzo de 2026, concebidas como un recorrido coherente pero flexible, capaz de adaptarse a los distintos contextos territoriales y a las necesidades de los p\u00fablicos implicados.\" \/>\n<meta name=\"robots\" content=\"index, follow, max-snippet:-1, max-image-preview:large, max-video-preview:-1\" \/>\n<link rel=\"canonical\" href=\"https:\/\/lifeamarnatura2000.eu\/es\/capacity-building-en-italia\/\" \/>\n<meta property=\"og:locale\" content=\"es_ES\" \/>\n<meta property=\"og:type\" content=\"article\" \/>\n<meta property=\"og:title\" content=\"Capacity building en Italia - LIFE A-MAR\" \/>\n<meta property=\"og:description\" content=\"Se ha concluido el recorrido italiano de la Acci\u00f3n B.3 del proyecto LIFE A-MAR, dedicado a la formaci\u00f3n y al fortalecimiento de capacidades para entidades gestoras de sitios marinos Natura 2000 y stakeholders. Coordinado por Federparchi, el ciclo incluy\u00f3 12 sesiones formativas realizadas entre junio de 2025 y marzo de 2026, concebidas como un recorrido coherente pero flexible, capaz de adaptarse a los distintos contextos territoriales y a las necesidades de los p\u00fablicos implicados.\" \/>\n<meta property=\"og:url\" content=\"https:\/\/lifeamarnatura2000.eu\/es\/capacity-building-en-italia\/\" \/>\n<meta property=\"og:site_name\" content=\"LIFE A-MAR\" \/>\n<meta property=\"article:modified_time\" content=\"2026-03-31T14:14:12+00:00\" \/>\n<meta property=\"og:image\" content=\"https:\/\/lifeamarnatura2000.eu\/wp-content\/uploads\/2025\/07\/DSC04652.jpg\" \/>\n\t<meta property=\"og:image:width\" content=\"2048\" \/>\n\t<meta property=\"og:image:height\" content=\"1365\" \/>\n\t<meta property=\"og:image:type\" content=\"image\/jpeg\" \/>\n<meta name=\"twitter:card\" content=\"summary_large_image\" \/>\n<meta name=\"twitter:label1\" content=\"Tiempo de lectura\" \/>\n\t<meta name=\"twitter:data1\" content=\"7 minutos\" \/>\n<script type=\"application\/ld+json\" class=\"yoast-schema-graph\">{\"@context\":\"https:\/\/schema.org\",\"@graph\":[{\"@type\":\"WebPage\",\"@id\":\"https:\/\/lifeamarnatura2000.eu\/es\/capacity-building-en-italia\/\",\"url\":\"https:\/\/lifeamarnatura2000.eu\/es\/capacity-building-en-italia\/\",\"name\":\"Capacity building en Italia - LIFE A-MAR\",\"isPartOf\":{\"@id\":\"https:\/\/lifeamarnatura2000.eu\/es\/#website\"},\"datePublished\":\"2026-03-31T13:45:31+00:00\",\"dateModified\":\"2026-03-31T14:14:12+00:00\",\"description\":\"Se ha concluido el recorrido italiano de la Acci\u00f3n B.3 del proyecto LIFE A-MAR, dedicado a la formaci\u00f3n y al fortalecimiento de capacidades para entidades gestoras de sitios marinos Natura 2000 y stakeholders. Coordinado por Federparchi, el ciclo incluy\u00f3 12 sesiones formativas realizadas entre junio de 2025 y marzo de 2026, concebidas como un recorrido coherente pero flexible, capaz de adaptarse a los distintos contextos territoriales y a las necesidades de los p\u00fablicos implicados.\",\"breadcrumb\":{\"@id\":\"https:\/\/lifeamarnatura2000.eu\/es\/capacity-building-en-italia\/#breadcrumb\"},\"inLanguage\":\"es\",\"potentialAction\":[{\"@type\":\"ReadAction\",\"target\":[\"https:\/\/lifeamarnatura2000.eu\/es\/capacity-building-en-italia\/\"]}]},{\"@type\":\"BreadcrumbList\",\"@id\":\"https:\/\/lifeamarnatura2000.eu\/es\/capacity-building-en-italia\/#breadcrumb\",\"itemListElement\":[{\"@type\":\"ListItem\",\"position\":1,\"name\":\"Home\",\"item\":\"https:\/\/lifeamarnatura2000.eu\/es\/campagna-velica-in-catalogna-spagna\/\"},{\"@type\":\"ListItem\",\"position\":2,\"name\":\"Capacity building en Italia\"}]},{\"@type\":\"WebSite\",\"@id\":\"https:\/\/lifeamarnatura2000.eu\/es\/#website\",\"url\":\"https:\/\/lifeamarnatura2000.eu\/es\/\",\"name\":\"LIFE A-MAR\",\"description\":\"Amare il mare e i suoi siti protetti, imparando a conoscerli\",\"potentialAction\":[{\"@type\":\"SearchAction\",\"target\":{\"@type\":\"EntryPoint\",\"urlTemplate\":\"https:\/\/lifeamarnatura2000.eu\/es\/?s={search_term_string}\"},\"query-input\":\"required name=search_term_string\"}],\"inLanguage\":\"es\"}]}<\/script>\n<!-- \/ Yoast SEO plugin. -->","yoast_head_json":{"title":"Capacity building en Italia - LIFE A-MAR","description":"Se ha concluido el recorrido italiano de la Acci\u00f3n B.3 del proyecto LIFE A-MAR, dedicado a la formaci\u00f3n y al fortalecimiento de capacidades para entidades gestoras de sitios marinos Natura 2000 y stakeholders. Coordinado por Federparchi, el ciclo incluy\u00f3 12 sesiones formativas realizadas entre junio de 2025 y marzo de 2026, concebidas como un recorrido coherente pero flexible, capaz de adaptarse a los distintos contextos territoriales y a las necesidades de los p\u00fablicos implicados.","robots":{"index":"index","follow":"follow","max-snippet":"max-snippet:-1","max-image-preview":"max-image-preview:large","max-video-preview":"max-video-preview:-1"},"canonical":"https:\/\/lifeamarnatura2000.eu\/es\/capacity-building-en-italia\/","og_locale":"es_ES","og_type":"article","og_title":"Capacity building en Italia - LIFE A-MAR","og_description":"Se ha concluido el recorrido italiano de la Acci\u00f3n B.3 del proyecto LIFE A-MAR, dedicado a la formaci\u00f3n y al fortalecimiento de capacidades para entidades gestoras de sitios marinos Natura 2000 y stakeholders. Coordinado por Federparchi, el ciclo incluy\u00f3 12 sesiones formativas realizadas entre junio de 2025 y marzo de 2026, concebidas como un recorrido coherente pero flexible, capaz de adaptarse a los distintos contextos territoriales y a las necesidades de los p\u00fablicos implicados.","og_url":"https:\/\/lifeamarnatura2000.eu\/es\/capacity-building-en-italia\/","og_site_name":"LIFE A-MAR","article_modified_time":"2026-03-31T14:14:12+00:00","og_image":[{"width":2048,"height":1365,"url":"https:\/\/lifeamarnatura2000.eu\/wp-content\/uploads\/2025\/07\/DSC04652.jpg","type":"image\/jpeg"}],"twitter_card":"summary_large_image","twitter_misc":{"Tiempo de lectura":"7 minutos"},"schema":{"@context":"https:\/\/schema.org","@graph":[{"@type":"WebPage","@id":"https:\/\/lifeamarnatura2000.eu\/es\/capacity-building-en-italia\/","url":"https:\/\/lifeamarnatura2000.eu\/es\/capacity-building-en-italia\/","name":"Capacity building en Italia - LIFE A-MAR","isPartOf":{"@id":"https:\/\/lifeamarnatura2000.eu\/es\/#website"},"datePublished":"2026-03-31T13:45:31+00:00","dateModified":"2026-03-31T14:14:12+00:00","description":"Se ha concluido el recorrido italiano de la Acci\u00f3n B.3 del proyecto LIFE A-MAR, dedicado a la formaci\u00f3n y al fortalecimiento de capacidades para entidades gestoras de sitios marinos Natura 2000 y stakeholders. Coordinado por Federparchi, el ciclo incluy\u00f3 12 sesiones formativas realizadas entre junio de 2025 y marzo de 2026, concebidas como un recorrido coherente pero flexible, capaz de adaptarse a los distintos contextos territoriales y a las necesidades de los p\u00fablicos implicados.","breadcrumb":{"@id":"https:\/\/lifeamarnatura2000.eu\/es\/capacity-building-en-italia\/#breadcrumb"},"inLanguage":"es","potentialAction":[{"@type":"ReadAction","target":["https:\/\/lifeamarnatura2000.eu\/es\/capacity-building-en-italia\/"]}]},{"@type":"BreadcrumbList","@id":"https:\/\/lifeamarnatura2000.eu\/es\/capacity-building-en-italia\/#breadcrumb","itemListElement":[{"@type":"ListItem","position":1,"name":"Home","item":"https:\/\/lifeamarnatura2000.eu\/es\/campagna-velica-in-catalogna-spagna\/"},{"@type":"ListItem","position":2,"name":"Capacity building en Italia"}]},{"@type":"WebSite","@id":"https:\/\/lifeamarnatura2000.eu\/es\/#website","url":"https:\/\/lifeamarnatura2000.eu\/es\/","name":"LIFE A-MAR","description":"Amare il mare e i suoi siti protetti, imparando a conoscerli","potentialAction":[{"@type":"SearchAction","target":{"@type":"EntryPoint","urlTemplate":"https:\/\/lifeamarnatura2000.eu\/es\/?s={search_term_string}"},"query-input":"required name=search_term_string"}],"inLanguage":"es"}]}},"_links":{"self":[{"href":"https:\/\/lifeamarnatura2000.eu\/es\/wp-json\/wp\/v2\/pages\/16760"}],"collection":[{"href":"https:\/\/lifeamarnatura2000.eu\/es\/wp-json\/wp\/v2\/pages"}],"about":[{"href":"https:\/\/lifeamarnatura2000.eu\/es\/wp-json\/wp\/v2\/types\/page"}],"author":[{"embeddable":true,"href":"https:\/\/lifeamarnatura2000.eu\/es\/wp-json\/wp\/v2\/users\/2"}],"replies":[{"embeddable":true,"href":"https:\/\/lifeamarnatura2000.eu\/es\/wp-json\/wp\/v2\/comments?post=16760"}],"version-history":[{"count":7,"href":"https:\/\/lifeamarnatura2000.eu\/es\/wp-json\/wp\/v2\/pages\/16760\/revisions"}],"predecessor-version":[{"id":16769,"href":"https:\/\/lifeamarnatura2000.eu\/es\/wp-json\/wp\/v2\/pages\/16760\/revisions\/16769"}],"wp:featuredmedia":[{"embeddable":true,"href":"https:\/\/lifeamarnatura2000.eu\/es\/wp-json\/wp\/v2\/media\/15435"}],"wp:attachment":[{"href":"https:\/\/lifeamarnatura2000.eu\/es\/wp-json\/wp\/v2\/media?parent=16760"}],"curies":[{"name":"wp","href":"https:\/\/api.w.org\/{rel}","templated":true}]}}