{"id":16656,"date":"2026-03-17T14:58:54","date_gmt":"2026-03-17T13:58:54","guid":{"rendered":"https:\/\/lifeamarnatura2000.eu\/capacity-building-in-en-espana\/"},"modified":"2026-03-24T18:37:37","modified_gmt":"2026-03-24T17:37:37","slug":"capacity-building-in-en-espana","status":"publish","type":"page","link":"https:\/\/lifeamarnatura2000.eu\/es\/capacity-building-in-en-espana\/","title":{"rendered":"Capacity building in en Espa\u00f1a"},"content":{"rendered":"[vc_row type=\u00bbfull_width_background\u00bb full_screen_row_position=\u00bbmiddle\u00bb column_margin=\u00bbdefault\u00bb column_direction=\u00bbdefault\u00bb column_direction_tablet=\u00bbdefault\u00bb column_direction_phone=\u00bbdefault\u00bb bg_image=\u00bb16527&#8243; bg_image_tablet=\u00bb6448&#8243; bg_image_phone=\u00bb6448&#8243; bg_position=\u00bbcenter center\u00bb background_image_loading=\u00bbdefault\u00bb bg_repeat=\u00bbno-repeat\u00bb scene_position=\u00bbcenter\u00bb top_padding=\u00bb500px\u00bb top_padding_tablet=\u00bb350px\u00bb top_padding_phone=\u00bb250px\u00bb text_color=\u00bbdark\u00bb text_align=\u00bbleft\u00bb row_border_radius=\u00bbnone\u00bb row_border_radius_applies=\u00bbbg\u00bb overflow=\u00bbvisible\u00bb enable_gradient=\u00bbtrue\u00bb color_overlay=\u00bb#001c6b\u00bb advanced_gradient_angle=\u00bb0&#8243; overlay_strength=\u00bb0.8&#8243; gradient_direction=\u00bbtop_to_bottom\u00bb enable_shape_divider=\u00bbtrue\u00bb shape_divider_color=\u00bb#ecfcff\u00bb shape_divider_position=\u00bbbottom\u00bb shape_divider_height=\u00bb30%\u00bb shape_divider_height_tablet=\u00bb25%\u00bb shape_divider_height_phone=\u00bb22%\u00bb bg_image_animation=\u00bbnone\u00bb gradient_type=\u00bbdefault\u00bb shape_type=\u00bbmountains\u00bb][vc_column column_padding=\u00bbno-extra-padding\u00bb column_padding_tablet=\u00bbinherit\u00bb column_padding_phone=\u00bbinherit\u00bb column_padding_position=\u00bball\u00bb column_element_spacing=\u00bbdefault\u00bb background_color_opacity=\u00bb1&#8243; background_hover_color_opacity=\u00bb1&#8243; column_shadow=\u00bbnone\u00bb column_border_radius=\u00bbnone\u00bb column_link_target=\u00bb_self\u00bb column_position=\u00bbdefault\u00bb gradient_direction=\u00bbleft_to_right\u00bb overlay_strength=\u00bb0.3&#8243; width=\u00bb1\/1&#8243; tablet_width_inherit=\u00bbdefault\u00bb tablet_text_alignment=\u00bbdefault\u00bb phone_text_alignment=\u00bbdefault\u00bb animation_type=\u00bbdefault\u00bb bg_image_animation=\u00bbnone\u00bb border_type=\u00bbsimple\u00bb column_border_width=\u00bbnone\u00bb column_border_style=\u00bbsolid\u00bb][\/vc_column][\/vc_row][vc_row type=\u00bbfull_width_background\u00bb full_screen_row_position=\u00bbmiddle\u00bb column_margin=\u00bbdefault\u00bb column_direction=\u00bbdefault\u00bb column_direction_tablet=\u00bbdefault\u00bb column_direction_phone=\u00bbdefault\u00bb bg_color=\u00bb#ecfcff\u00bb scene_position=\u00bbcenter\u00bb top_padding=\u00bb65px\u00bb bottom_padding=\u00bb30px\u00bb top_padding_phone=\u00bb40px\u00bb bottom_padding_phone=\u00bb0px\u00bb constrain_group_8=\u00bbyes\u00bb text_color=\u00bbdark\u00bb text_align=\u00bbleft\u00bb row_border_radius=\u00bbnone\u00bb row_border_radius_applies=\u00bbbg\u00bb overflow=\u00bbvisible\u00bb advanced_gradient_angle=\u00bb0&#8243; overlay_strength=\u00bb0.3&#8243; gradient_direction=\u00bbleft_to_right\u00bb shape_divider_position=\u00bbbottom\u00bb bg_image_animation=\u00bbnone\u00bb gradient_type=\u00bbdefault\u00bb shape_type=\u00bb\u00bb][vc_column column_padding=\u00bbno-extra-padding\u00bb column_padding_tablet=\u00bbinherit\u00bb column_padding_phone=\u00bbinherit\u00bb column_padding_position=\u00bball\u00bb column_element_spacing=\u00bbdefault\u00bb background_color_opacity=\u00bb1&#8243; background_hover_color_opacity=\u00bb1&#8243; column_shadow=\u00bbnone\u00bb column_border_radius=\u00bbnone\u00bb column_link_target=\u00bb_self\u00bb column_position=\u00bbdefault\u00bb advanced_gradient_angle=\u00bb0&#8243; gradient_direction=\u00bbleft_to_right\u00bb overlay_strength=\u00bb0.3&#8243; width=\u00bb1\/6&#8243; tablet_width_inherit=\u00bbdefault\u00bb tablet_text_alignment=\u00bbdefault\u00bb phone_text_alignment=\u00bbdefault\u00bb animation_type=\u00bbdefault\u00bb bg_image_animation=\u00bbnone\u00bb border_type=\u00bbsimple\u00bb column_border_width=\u00bbnone\u00bb column_border_style=\u00bbsolid\u00bb gradient_type=\u00bbdefault\u00bb][\/vc_column][vc_column column_padding=\u00bbno-extra-padding\u00bb column_padding_tablet=\u00bbinherit\u00bb column_padding_phone=\u00bbinherit\u00bb column_padding_position=\u00bball\u00bb column_element_spacing=\u00bbdefault\u00bb background_color_opacity=\u00bb1&#8243; background_hover_color_opacity=\u00bb1&#8243; column_shadow=\u00bbnone\u00bb column_border_radius=\u00bbnone\u00bb column_link_target=\u00bb_self\u00bb column_position=\u00bbdefault\u00bb gradient_direction=\u00bbleft_to_right\u00bb overlay_strength=\u00bb0.3&#8243; width=\u00bb2\/3&#8243; tablet_width_inherit=\u00bbdefault\u00bb tablet_text_alignment=\u00bbdefault\u00bb phone_text_alignment=\u00bbdefault\u00bb animation_type=\u00bbdefault\u00bb bg_image_animation=\u00bbnone\u00bb border_type=\u00bbsimple\u00bb column_border_width=\u00bbnone\u00bb column_border_style=\u00bbsolid\u00bb][vc_raw_html]PGEgaHJlZj0iaHR0cHM6Ly9saWZlYW1hcm5hdHVyYTIwMDAuZXUvZXMvbm90aWNpYXMvIj48cCBjbGFzcz0iYmFjay10by1hY3Rpb24iPlZvbHZlciBhIGxhcyBub3RpY2lhczwvcD48L2E+[\/vc_raw_html][vc_column_text el_class=\u00bbcustom-font-size\u00bb]<em>17 de marzo de 2026<\/em>[\/vc_column_text][vc_custom_heading text=\u00bbM\u00e1s de 1100 personas participan en 54 acciones de capacitaci\u00f3n y ciencia ciudadana en Espa\u00f1a en el marco del proyecto LIFE A-MAR\u00bb font_container=\u00bbtag:h1|font_size:40px|text_align:left|color:%230f326c|line_height:48px\u00bb use_theme_fonts=\u00bbyes\u00bb][\/vc_column][vc_column column_padding=\u00bbno-extra-padding\u00bb column_padding_tablet=\u00bbinherit\u00bb column_padding_phone=\u00bbinherit\u00bb column_padding_position=\u00bball\u00bb column_element_spacing=\u00bbdefault\u00bb background_color_opacity=\u00bb1&#8243; background_hover_color_opacity=\u00bb1&#8243; column_shadow=\u00bbnone\u00bb column_border_radius=\u00bbnone\u00bb column_link_target=\u00bb_self\u00bb column_position=\u00bbdefault\u00bb gradient_direction=\u00bbleft_to_right\u00bb overlay_strength=\u00bb0.3&#8243; width=\u00bb1\/6&#8243; tablet_width_inherit=\u00bbdefault\u00bb tablet_text_alignment=\u00bbdefault\u00bb phone_text_alignment=\u00bbdefault\u00bb animation_type=\u00bbdefault\u00bb bg_image_animation=\u00bbnone\u00bb border_type=\u00bbsimple\u00bb column_border_width=\u00bbnone\u00bb column_border_style=\u00bbsolid\u00bb][\/vc_column][\/vc_row][vc_row type=\u00bbfull_width_background\u00bb full_screen_row_position=\u00bbmiddle\u00bb column_margin=\u00bbdefault\u00bb column_direction=\u00bbdefault\u00bb column_direction_tablet=\u00bbdefault\u00bb column_direction_phone=\u00bbdefault\u00bb bg_color=\u00bb#ecfcff\u00bb scene_position=\u00bbcenter\u00bb bottom_padding=\u00bb100px\u00bb bottom_padding_phone=\u00bb40px\u00bb text_color=\u00bbdark\u00bb text_align=\u00bbleft\u00bb row_border_radius=\u00bbnone\u00bb row_border_radius_applies=\u00bbbg\u00bb overflow=\u00bbvisible\u00bb advanced_gradient_angle=\u00bb0&#8243; overlay_strength=\u00bb0.3&#8243; gradient_direction=\u00bbleft_to_right\u00bb shape_divider_position=\u00bbbottom\u00bb bg_image_animation=\u00bbnone\u00bb gradient_type=\u00bbdefault\u00bb shape_type=\u00bb\u00bb][vc_column column_padding=\u00bbno-extra-padding\u00bb column_padding_tablet=\u00bbinherit\u00bb column_padding_phone=\u00bbinherit\u00bb column_padding_position=\u00bball\u00bb column_element_spacing=\u00bbdefault\u00bb background_color_opacity=\u00bb1&#8243; background_hover_color_opacity=\u00bb1&#8243; column_shadow=\u00bbnone\u00bb column_border_radius=\u00bbnone\u00bb column_link_target=\u00bb_self\u00bb column_position=\u00bbdefault\u00bb gradient_direction=\u00bbleft_to_right\u00bb overlay_strength=\u00bb0.3&#8243; width=\u00bb2\/12&#8243; tablet_width_inherit=\u00bbdefault\u00bb tablet_text_alignment=\u00bbdefault\u00bb phone_text_alignment=\u00bbdefault\u00bb animation_type=\u00bbdefault\u00bb bg_image_animation=\u00bbnone\u00bb border_type=\u00bbsimple\u00bb column_border_width=\u00bbnone\u00bb column_border_style=\u00bbsolid\u00bb][\/vc_column][vc_column column_padding=\u00bbno-extra-padding\u00bb column_padding_tablet=\u00bbinherit\u00bb column_padding_phone=\u00bbinherit\u00bb column_padding_position=\u00bball\u00bb column_element_spacing=\u00bbdefault\u00bb background_color_opacity=\u00bb1&#8243; background_hover_color_opacity=\u00bb1&#8243; column_shadow=\u00bbnone\u00bb column_border_radius=\u00bbnone\u00bb column_link_target=\u00bb_self\u00bb column_position=\u00bbdefault\u00bb gradient_direction=\u00bbleft_to_right\u00bb overlay_strength=\u00bb0.3&#8243; width=\u00bb8\/12&#8243; tablet_width_inherit=\u00bbdefault\u00bb tablet_text_alignment=\u00bbdefault\u00bb phone_text_alignment=\u00bbdefault\u00bb animation_type=\u00bbdefault\u00bb bg_image_animation=\u00bbnone\u00bb border_type=\u00bbsimple\u00bb column_border_width=\u00bbnone\u00bb column_border_style=\u00bbsolid\u00bb][vc_column_text el_class=\u00bbcustom-font-size\u00bb]<strong>La Fundaci\u00f3n Biodiversidad del Ministerio para la Transici\u00f3n Ecol\u00f3gica y el Reto Demogr\u00e1fico (MITECO), socia del proyecto LIFE A\u2011MAR NATURA 2000, ha desarrollado un programa de 39 sesiones de capacitaci\u00f3n dirigidas a sectores clave relacionados con el medio marino de cinco comunidades aut\u00f3nomas, centradas en los valores y la gesti\u00f3n de los espacios marinos de la Red Natura 2000 en el Mediterr\u00e1neo. Asimismo, ha impulsado 15 talleres de ciencia ciudadana para sensibilizar a la poblaci\u00f3n local y visitantes.<\/strong>[\/vc_column_text][image_with_animation image_url=\u00bb16530&#8243; image_size=\u00bbfull\u00bb animation_type=\u00bbentrance\u00bb animation=\u00bbFade In\u00bb hover_animation=\u00bbnone\u00bb alignment=\u00bb\u00bb border_radius=\u00bbnone\u00bb box_shadow=\u00bbnone\u00bb image_loading=\u00bbdefault\u00bb max_width=\u00bb100%\u00bb max_width_mobile=\u00bbdefault\u00bb][divider line_type=\u00bbNo Line\u00bb custom_height=\u00bb40px\u00bb][vc_column_text el_class=\u00bbcustom-font-size\u00bb]Con la celebraci\u00f3n ayer del \u00faltimo taller de capacitaci\u00f3n marina en Almu\u00f1\u00e9car (Granada), la Fundaci\u00f3n Biodiversidad del Ministerio para la Transici\u00f3n Ecol\u00f3gica y el Reto Demogr\u00e1fico (MITECO), socia del proyecto LIFE A-MAR, culmina en Espa\u00f1a los programas de <strong>capacitaci\u00f3n y ciencia ciudadana marina<\/strong> que han desarrollado <strong>54 acciones<\/strong> y que han contado con la participaci\u00f3n de <strong>m\u00e1s de 1100 personas<\/strong> en total. Estas actividades han contribuido a fortalecer el conocimiento, la sensibilizaci\u00f3n y el compromiso social de la ciudadan\u00eda con la conservaci\u00f3n de los espacios marinos de la <strong>Red Natura 2000<\/strong>, as\u00ed como a promover pr\u00e1cticas sostenibles en las costas del Mediterr\u00e1neo de cinco comunidades aut\u00f3nomas espa\u00f1olas:<strong> Andaluc\u00eda, Regi\u00f3n de Murcia, Comunidad Valenciana, Catalu\u00f1a e Islas Baleares.<\/strong> Ambas iniciativas se han desarrollado en colaboraci\u00f3n y coordinaci\u00f3n con los gobiernos de dichas comunidades aut\u00f3nomas y de entidades locales.<\/p>\n<p>El programa de <strong>capacitaci\u00f3n<\/strong> ha estado dirigido a sectores clave vinculados al medio marino: gestores de espacios marinos protegidos, fuerzas y cuerpos de seguridad del Estado, Armada, Salvamento Mar\u00edtimo, operadores tur\u00edsticos, sector pesquero y marisquero, y comunidad educativa. Tambi\u00e9n se han desarrollado formaciones espec\u00edficas para profesionales del sector tur\u00edstico y operadores vinculados al medio marino, como empresas de kayak, buceo, ch\u00e1rter n\u00e1utico, establecimientos hoteleros y gu\u00edas tur\u00edsticos, entre otros.<\/p>\n<p>En total, estas formaciones han reunido a <strong>917 participantes<\/strong>. Las sesiones han tenido un enfoque pr\u00e1ctico, para que los contenidos sean aplicables en el contexto real de trabajo de los operadores.\u00a0 Se ha puesto el acento en los beneficios y servicios que proporcionan los espacios marinos protegidos y en c\u00f3mo comunicarlo a la clientela para avanzar hacia un modelo de turismo m\u00e1s sostenible. La experiencia desarrollada se recoge y sistematiza en la <strong>Gu\u00eda de buenas pr\u00e1cticas en capacitaci\u00f3n sobre la Red Natura 2000<\/strong> marina, con el objetivo de facilitar la replicabilidad de estas iniciativas en otros contextos.<\/p>\n<p>Por su parte, las acciones de <strong>ciencia ciudadana marina<\/strong>, desarrolladas en colaboraci\u00f3n con entidades locales, han permitido acercar a la ciudadan\u00eda a la observaci\u00f3n y el seguimiento de la biodiversidad marina mediante talleres te\u00f3rico-pr\u00e1cticos adaptados a cada territorio. A lo largo de <strong>15 actividades<\/strong>, <strong>270 personas<\/strong> han recibido formaci\u00f3n en el uso de plataformas de ciencia ciudadana y en t\u00e9cnicas b\u00e1sicas de identificaci\u00f3n de especies, registro y env\u00edo de datos. Estas actividades han incluido rutas a pie, snorkel cient\u00edfico, recogida de residuos, avistamiento de aves y cet\u00e1ceos o acciones espec\u00edficas como la revisi\u00f3n de trampas de cangrejo azul.<\/p>\n<p>Los talleres se han realizado en las localidades de Aguadulce (Almer\u00eda), Tarifa (C\u00e1diz), Castell de Ferro (Granada), Mijas (M\u00e1laga), Calabardina y Las Cobaticas (Regi\u00f3n de Murcia), Pollen\u00e7a y San Telmo (Mallorca), Can Marroig (Formentera), Santa Pola (Alicante), Vilanova i la Geltr\u00fa (Barcelona), Deltebre (Tarragona) y L\u00b4Estartit (Girona).<\/p>\n<p>El programa ha contado con una alta respuesta del p\u00fablico y la colaboraci\u00f3n de numerosos agentes locales, lo que ha permitido adaptar cada actividad a las caracter\u00edsticas de su entorno.<\/p>\n<p>Estas actuaciones han contribuido a mejorar el conocimiento y la participaci\u00f3n de la ciudadan\u00eda y de los sectores clave sobre los espacios marinos de la Red Natura 2000 para avanzar hacia un modelo de uso del litoral m\u00e1s responsable y sostenible.<\/p>\n[\/vc_column_text][\/vc_column][\/vc_row]\n","protected":false},"excerpt":{"rendered":"<p>[vc_row type=\u00bbfull_width_background\u00bb full_screen_row_position=\u00bbmiddle\u00bb column_margin=\u00bbdefault\u00bb column_direction=\u00bbdefault\u00bb column_direction_tablet=\u00bbdefault\u00bb column_direction_phone=\u00bbdefault\u00bb bg_image=\u00bb16527&#8243; bg_image_tablet=\u00bb6448&#8243; bg_image_phone=\u00bb6448&#8243; bg_position=\u00bbcenter center\u00bb background_image_loading=\u00bbdefault\u00bb bg_repeat=\u00bbno-repeat\u00bb scene_position=\u00bbcenter\u00bb top_padding=\u00bb500px\u00bb top_padding_tablet=\u00bb350px\u00bb top_padding_phone=\u00bb250px\u00bb text_color=\u00bbdark\u00bb text_align=\u00bbleft\u00bb row_border_radius=\u00bbnone\u00bb row_border_radius_applies=\u00bbbg\u00bb overflow=\u00bbvisible\u00bb enable_gradient=\u00bbtrue\u00bb color_overlay=\u00bb#001c6b\u00bb advanced_gradient_angle=\u00bb0&#8243; overlay_strength=\u00bb0.8&#8243; gradient_direction=\u00bbtop_to_bottom\u00bb enable_shape_divider=\u00bbtrue\u00bb shape_divider_color=\u00bb#ecfcff\u00bb&#8230;<\/p>\n","protected":false},"author":2,"featured_media":16532,"parent":0,"menu_order":0,"comment_status":"closed","ping_status":"closed","template":"","meta":{"inline_featured_image":false,"_monsterinsights_skip_tracking":false,"_monsterinsights_sitenote_active":false,"_monsterinsights_sitenote_note":"","_monsterinsights_sitenote_category":0,"amar_nazione":"","amar_regione":"","amar_codice":"","amar_tipologia":"","amar_ente":"","amar_habitat":"","amar_fauna":"","amar_flora":"","amar_link":"","amar_email":"","amar_contatti":"","amar_media":"","amar_tipo_sito":"","amar_reg_biog":"","amar_aggiorn":"","amar_fuso":"","amar_area":"","amar_perimeter":"","amar_hectares":"","amar_nowprint":"","amar_sic_zsc":"","amar_kml_coords_simple":"","amar_insert_gallery_img":"","amar_gallery_approved":[],"amar_gallery_massive":[]},"acf":[],"yoast_head":"<!-- This site is optimized with the Yoast SEO plugin v21.8 - https:\/\/yoast.com\/wordpress\/plugins\/seo\/ -->\n<title>Capacity building in en Espa\u00f1a - LIFE A-MAR<\/title>\n<meta name=\"description\" content=\"Entre mayo de 2025 y febrero de 2026, la Fundaci\u00f3n Biodiversidad del Ministerio para la Transici\u00f3n Ecol\u00f3gica y el Reto Demogr\u00e1fico (MITECO), socia del proyecto LIFE A\u2011MAR NATURA 2000, ha desarrollado un programa de 12 sesiones de capacitaci\u00f3n dirigidas a operadores tur\u00edsticos de cinco comunidades aut\u00f3nomas, centradas en los valores y la gesti\u00f3n de los espacios marinos de la Red Natura 2000 en el Mediterr\u00e1neo. Asimismo, ha impulsado 15 talleres de ciencia ciudadana para sensibilizar a la poblaci\u00f3n local y visitantes.\" \/>\n<meta name=\"robots\" content=\"index, follow, max-snippet:-1, max-image-preview:large, max-video-preview:-1\" \/>\n<link rel=\"canonical\" href=\"https:\/\/lifeamarnatura2000.eu\/es\/capacity-building-in-en-espana\/\" \/>\n<meta property=\"og:locale\" content=\"es_ES\" \/>\n<meta property=\"og:type\" content=\"article\" \/>\n<meta property=\"og:title\" content=\"Capacity building in en Espa\u00f1a - LIFE A-MAR\" \/>\n<meta property=\"og:description\" content=\"Entre mayo de 2025 y febrero de 2026, la Fundaci\u00f3n Biodiversidad del Ministerio para la Transici\u00f3n Ecol\u00f3gica y el Reto Demogr\u00e1fico (MITECO), socia del proyecto LIFE A\u2011MAR NATURA 2000, ha desarrollado un programa de 12 sesiones de capacitaci\u00f3n dirigidas a operadores tur\u00edsticos de cinco comunidades aut\u00f3nomas, centradas en los valores y la gesti\u00f3n de los espacios marinos de la Red Natura 2000 en el Mediterr\u00e1neo. Asimismo, ha impulsado 15 talleres de ciencia ciudadana para sensibilizar a la poblaci\u00f3n local y visitantes.\" \/>\n<meta property=\"og:url\" content=\"https:\/\/lifeamarnatura2000.eu\/es\/capacity-building-in-en-espana\/\" \/>\n<meta property=\"og:site_name\" content=\"LIFE A-MAR\" \/>\n<meta property=\"article:modified_time\" content=\"2026-03-24T17:37:37+00:00\" \/>\n<meta property=\"og:image\" content=\"https:\/\/lifeamarnatura2000.eu\/wp-content\/uploads\/2023\/02\/capacitacion.jpg\" \/>\n\t<meta property=\"og:image:width\" content=\"2048\" \/>\n\t<meta property=\"og:image:height\" content=\"1536\" \/>\n\t<meta property=\"og:image:type\" content=\"image\/jpeg\" \/>\n<meta name=\"twitter:card\" content=\"summary_large_image\" \/>\n<meta name=\"twitter:label1\" content=\"Tiempo de lectura\" \/>\n\t<meta name=\"twitter:data1\" content=\"6 minutos\" \/>\n<script type=\"application\/ld+json\" class=\"yoast-schema-graph\">{\"@context\":\"https:\/\/schema.org\",\"@graph\":[{\"@type\":\"WebPage\",\"@id\":\"https:\/\/lifeamarnatura2000.eu\/es\/capacity-building-in-en-espana\/\",\"url\":\"https:\/\/lifeamarnatura2000.eu\/es\/capacity-building-in-en-espana\/\",\"name\":\"Capacity building in en Espa\u00f1a - LIFE A-MAR\",\"isPartOf\":{\"@id\":\"https:\/\/lifeamarnatura2000.eu\/es\/#website\"},\"datePublished\":\"2026-03-17T13:58:54+00:00\",\"dateModified\":\"2026-03-24T17:37:37+00:00\",\"description\":\"Entre mayo de 2025 y febrero de 2026, la Fundaci\u00f3n Biodiversidad del Ministerio para la Transici\u00f3n Ecol\u00f3gica y el Reto Demogr\u00e1fico (MITECO), socia del proyecto LIFE A\u2011MAR NATURA 2000, ha desarrollado un programa de 12 sesiones de capacitaci\u00f3n dirigidas a operadores tur\u00edsticos de cinco comunidades aut\u00f3nomas, centradas en los valores y la gesti\u00f3n de los espacios marinos de la Red Natura 2000 en el Mediterr\u00e1neo. Asimismo, ha impulsado 15 talleres de ciencia ciudadana para sensibilizar a la poblaci\u00f3n local y visitantes.\",\"breadcrumb\":{\"@id\":\"https:\/\/lifeamarnatura2000.eu\/es\/capacity-building-in-en-espana\/#breadcrumb\"},\"inLanguage\":\"es\",\"potentialAction\":[{\"@type\":\"ReadAction\",\"target\":[\"https:\/\/lifeamarnatura2000.eu\/es\/capacity-building-in-en-espana\/\"]}]},{\"@type\":\"BreadcrumbList\",\"@id\":\"https:\/\/lifeamarnatura2000.eu\/es\/capacity-building-in-en-espana\/#breadcrumb\",\"itemListElement\":[{\"@type\":\"ListItem\",\"position\":1,\"name\":\"Home\",\"item\":\"https:\/\/lifeamarnatura2000.eu\/es\/campagna-velica-in-catalogna-spagna\/\"},{\"@type\":\"ListItem\",\"position\":2,\"name\":\"Capacity building in en Espa\u00f1a\"}]},{\"@type\":\"WebSite\",\"@id\":\"https:\/\/lifeamarnatura2000.eu\/es\/#website\",\"url\":\"https:\/\/lifeamarnatura2000.eu\/es\/\",\"name\":\"LIFE A-MAR\",\"description\":\"Amare il mare e i suoi siti protetti, imparando a conoscerli\",\"potentialAction\":[{\"@type\":\"SearchAction\",\"target\":{\"@type\":\"EntryPoint\",\"urlTemplate\":\"https:\/\/lifeamarnatura2000.eu\/es\/?s={search_term_string}\"},\"query-input\":\"required name=search_term_string\"}],\"inLanguage\":\"es\"}]}<\/script>\n<!-- \/ Yoast SEO plugin. -->","yoast_head_json":{"title":"Capacity building in en Espa\u00f1a - LIFE A-MAR","description":"Entre mayo de 2025 y febrero de 2026, la Fundaci\u00f3n Biodiversidad del Ministerio para la Transici\u00f3n Ecol\u00f3gica y el Reto Demogr\u00e1fico (MITECO), socia del proyecto LIFE A\u2011MAR NATURA 2000, ha desarrollado un programa de 12 sesiones de capacitaci\u00f3n dirigidas a operadores tur\u00edsticos de cinco comunidades aut\u00f3nomas, centradas en los valores y la gesti\u00f3n de los espacios marinos de la Red Natura 2000 en el Mediterr\u00e1neo. Asimismo, ha impulsado 15 talleres de ciencia ciudadana para sensibilizar a la poblaci\u00f3n local y visitantes.","robots":{"index":"index","follow":"follow","max-snippet":"max-snippet:-1","max-image-preview":"max-image-preview:large","max-video-preview":"max-video-preview:-1"},"canonical":"https:\/\/lifeamarnatura2000.eu\/es\/capacity-building-in-en-espana\/","og_locale":"es_ES","og_type":"article","og_title":"Capacity building in en Espa\u00f1a - LIFE A-MAR","og_description":"Entre mayo de 2025 y febrero de 2026, la Fundaci\u00f3n Biodiversidad del Ministerio para la Transici\u00f3n Ecol\u00f3gica y el Reto Demogr\u00e1fico (MITECO), socia del proyecto LIFE A\u2011MAR NATURA 2000, ha desarrollado un programa de 12 sesiones de capacitaci\u00f3n dirigidas a operadores tur\u00edsticos de cinco comunidades aut\u00f3nomas, centradas en los valores y la gesti\u00f3n de los espacios marinos de la Red Natura 2000 en el Mediterr\u00e1neo. Asimismo, ha impulsado 15 talleres de ciencia ciudadana para sensibilizar a la poblaci\u00f3n local y visitantes.","og_url":"https:\/\/lifeamarnatura2000.eu\/es\/capacity-building-in-en-espana\/","og_site_name":"LIFE A-MAR","article_modified_time":"2026-03-24T17:37:37+00:00","og_image":[{"width":2048,"height":1536,"url":"https:\/\/lifeamarnatura2000.eu\/wp-content\/uploads\/2023\/02\/capacitacion.jpg","type":"image\/jpeg"}],"twitter_card":"summary_large_image","twitter_misc":{"Tiempo de lectura":"6 minutos"},"schema":{"@context":"https:\/\/schema.org","@graph":[{"@type":"WebPage","@id":"https:\/\/lifeamarnatura2000.eu\/es\/capacity-building-in-en-espana\/","url":"https:\/\/lifeamarnatura2000.eu\/es\/capacity-building-in-en-espana\/","name":"Capacity building in en Espa\u00f1a - LIFE A-MAR","isPartOf":{"@id":"https:\/\/lifeamarnatura2000.eu\/es\/#website"},"datePublished":"2026-03-17T13:58:54+00:00","dateModified":"2026-03-24T17:37:37+00:00","description":"Entre mayo de 2025 y febrero de 2026, la Fundaci\u00f3n Biodiversidad del Ministerio para la Transici\u00f3n Ecol\u00f3gica y el Reto Demogr\u00e1fico (MITECO), socia del proyecto LIFE A\u2011MAR NATURA 2000, ha desarrollado un programa de 12 sesiones de capacitaci\u00f3n dirigidas a operadores tur\u00edsticos de cinco comunidades aut\u00f3nomas, centradas en los valores y la gesti\u00f3n de los espacios marinos de la Red Natura 2000 en el Mediterr\u00e1neo. Asimismo, ha impulsado 15 talleres de ciencia ciudadana para sensibilizar a la poblaci\u00f3n local y visitantes.","breadcrumb":{"@id":"https:\/\/lifeamarnatura2000.eu\/es\/capacity-building-in-en-espana\/#breadcrumb"},"inLanguage":"es","potentialAction":[{"@type":"ReadAction","target":["https:\/\/lifeamarnatura2000.eu\/es\/capacity-building-in-en-espana\/"]}]},{"@type":"BreadcrumbList","@id":"https:\/\/lifeamarnatura2000.eu\/es\/capacity-building-in-en-espana\/#breadcrumb","itemListElement":[{"@type":"ListItem","position":1,"name":"Home","item":"https:\/\/lifeamarnatura2000.eu\/es\/campagna-velica-in-catalogna-spagna\/"},{"@type":"ListItem","position":2,"name":"Capacity building in en Espa\u00f1a"}]},{"@type":"WebSite","@id":"https:\/\/lifeamarnatura2000.eu\/es\/#website","url":"https:\/\/lifeamarnatura2000.eu\/es\/","name":"LIFE A-MAR","description":"Amare il mare e i suoi siti protetti, imparando a conoscerli","potentialAction":[{"@type":"SearchAction","target":{"@type":"EntryPoint","urlTemplate":"https:\/\/lifeamarnatura2000.eu\/es\/?s={search_term_string}"},"query-input":"required name=search_term_string"}],"inLanguage":"es"}]}},"_links":{"self":[{"href":"https:\/\/lifeamarnatura2000.eu\/es\/wp-json\/wp\/v2\/pages\/16656"}],"collection":[{"href":"https:\/\/lifeamarnatura2000.eu\/es\/wp-json\/wp\/v2\/pages"}],"about":[{"href":"https:\/\/lifeamarnatura2000.eu\/es\/wp-json\/wp\/v2\/types\/page"}],"author":[{"embeddable":true,"href":"https:\/\/lifeamarnatura2000.eu\/es\/wp-json\/wp\/v2\/users\/2"}],"replies":[{"embeddable":true,"href":"https:\/\/lifeamarnatura2000.eu\/es\/wp-json\/wp\/v2\/comments?post=16656"}],"version-history":[{"count":11,"href":"https:\/\/lifeamarnatura2000.eu\/es\/wp-json\/wp\/v2\/pages\/16656\/revisions"}],"predecessor-version":[{"id":16715,"href":"https:\/\/lifeamarnatura2000.eu\/es\/wp-json\/wp\/v2\/pages\/16656\/revisions\/16715"}],"wp:featuredmedia":[{"embeddable":true,"href":"https:\/\/lifeamarnatura2000.eu\/es\/wp-json\/wp\/v2\/media\/16532"}],"wp:attachment":[{"href":"https:\/\/lifeamarnatura2000.eu\/es\/wp-json\/wp\/v2\/media?parent=16656"}],"curies":[{"name":"wp","href":"https:\/\/api.w.org\/{rel}","templated":true}]}}