{"id":12130,"date":"2023-06-15T17:33:38","date_gmt":"2023-06-15T16:33:38","guid":{"rendered":"https:\/\/lifeamarnatura2000.eu\/campana-de-navegacion-segunda-semana-23-28-de-mayo-2023\/"},"modified":"2026-02-10T14:12:45","modified_gmt":"2026-02-10T13:12:45","slug":"campana-de-navegacion-segunda-semana-23-28-de-mayo-2023","status":"publish","type":"page","link":"https:\/\/lifeamarnatura2000.eu\/es\/campana-de-navegacion-segunda-semana-23-28-de-mayo-2023\/","title":{"rendered":"Campa\u00f1a de navegaci\u00f3n &#8211; Segunda semana: 23 \u2013 28 de mayo, 2023"},"content":{"rendered":"[vc_row type=\u00bbfull_width_background\u00bb full_screen_row_position=\u00bbmiddle\u00bb column_margin=\u00bbdefault\u00bb column_direction=\u00bbdefault\u00bb column_direction_tablet=\u00bbdefault\u00bb column_direction_phone=\u00bbdefault\u00bb bg_image=\u00bb8577&#8243; bg_position=\u00bbcenter top\u00bb background_image_loading=\u00bbdefault\u00bb bg_repeat=\u00bbno-repeat\u00bb scene_position=\u00bbcenter\u00bb top_padding=\u00bb500px\u00bb text_color=\u00bbdark\u00bb text_align=\u00bbleft\u00bb row_border_radius=\u00bbnone\u00bb row_border_radius_applies=\u00bbbg\u00bb overflow=\u00bbvisible\u00bb enable_gradient=\u00bbtrue\u00bb color_overlay=\u00bb#0f326c\u00bb advanced_gradient_angle=\u00bb0&#8243; overlay_strength=\u00bb0.8&#8243; gradient_direction=\u00bbtop_to_bottom\u00bb shape_divider_color=\u00bb#ecfcff\u00bb shape_divider_position=\u00bbbottom\u00bb shape_divider_height=\u00bb30%\u00bb bg_image_animation=\u00bbnone\u00bb parallax_bg=\u00bbtrue\u00bb parallax_bg_speed=\u00bbmedium_fast\u00bb gradient_type=\u00bbdefault\u00bb shape_type=\u00bbwaves_opacity\u00bb][vc_column column_padding=\u00bbno-extra-padding\u00bb column_padding_tablet=\u00bbinherit\u00bb column_padding_phone=\u00bbinherit\u00bb column_padding_position=\u00bball\u00bb column_element_spacing=\u00bbdefault\u00bb background_color_opacity=\u00bb1&#8243; background_hover_color_opacity=\u00bb1&#8243; column_shadow=\u00bbnone\u00bb column_border_radius=\u00bbnone\u00bb column_link_target=\u00bb_self\u00bb column_position=\u00bbdefault\u00bb gradient_direction=\u00bbleft_to_right\u00bb overlay_strength=\u00bb0.3&#8243; width=\u00bb1\/1&#8243; tablet_width_inherit=\u00bbdefault\u00bb tablet_text_alignment=\u00bbdefault\u00bb phone_text_alignment=\u00bbdefault\u00bb animation_type=\u00bbdefault\u00bb bg_image_animation=\u00bbnone\u00bb border_type=\u00bbsimple\u00bb column_border_width=\u00bbnone\u00bb column_border_style=\u00bbsolid\u00bb][\/vc_column][\/vc_row][vc_row type=\u00bbfull_width_background\u00bb full_screen_row_position=\u00bbmiddle\u00bb column_margin=\u00bbdefault\u00bb equal_height=\u00bbyes\u00bb content_placement=\u00bbmiddle\u00bb column_direction=\u00bbdefault\u00bb column_direction_tablet=\u00bbdefault\u00bb column_direction_phone=\u00bbdefault\u00bb bg_color=\u00bb#ecfcff\u00bb scene_position=\u00bbcenter\u00bb top_padding=\u00bb100px\u00bb bottom_padding=\u00bb10px\u00bb top_padding_phone=\u00bb40px\u00bb text_color=\u00bbdark\u00bb text_align=\u00bbleft\u00bb row_border_radius=\u00bbnone\u00bb row_border_radius_applies=\u00bbbg\u00bb overflow=\u00bbvisible\u00bb advanced_gradient_angle=\u00bb0&#8243; overlay_strength=\u00bb0.3&#8243; gradient_direction=\u00bbleft_to_right\u00bb shape_divider_position=\u00bbtop\u00bb bg_image_animation=\u00bbnone\u00bb gradient_type=\u00bbdefault\u00bb shape_type=\u00bbcurve_opacity\u00bb][vc_column column_padding=\u00bbno-extra-padding\u00bb column_padding_tablet=\u00bbinherit\u00bb column_padding_phone=\u00bbinherit\u00bb column_padding_position=\u00bball\u00bb column_element_spacing=\u00bbdefault\u00bb background_color_opacity=\u00bb1&#8243; background_hover_color_opacity=\u00bb1&#8243; column_shadow=\u00bbnone\u00bb column_border_radius=\u00bbnone\u00bb column_link_target=\u00bb_self\u00bb column_position=\u00bbdefault\u00bb gradient_direction=\u00bbleft_to_right\u00bb overlay_strength=\u00bb0.3&#8243; width=\u00bb1\/12&#8243; tablet_width_inherit=\u00bbdefault\u00bb tablet_text_alignment=\u00bbdefault\u00bb phone_text_alignment=\u00bbdefault\u00bb animation_type=\u00bbdefault\u00bb bg_image_animation=\u00bbnone\u00bb border_type=\u00bbsimple\u00bb column_border_width=\u00bbnone\u00bb column_border_style=\u00bbsolid\u00bb][\/vc_column][vc_column column_padding=\u00bbno-extra-padding\u00bb column_padding_tablet=\u00bbinherit\u00bb column_padding_phone=\u00bbinherit\u00bb column_padding_position=\u00bball\u00bb column_element_spacing=\u00bbdefault\u00bb background_color_opacity=\u00bb1&#8243; background_hover_color_opacity=\u00bb1&#8243; column_shadow=\u00bbnone\u00bb column_border_radius=\u00bbnone\u00bb column_link_target=\u00bb_self\u00bb column_position=\u00bbdefault\u00bb gradient_direction=\u00bbleft_to_right\u00bb overlay_strength=\u00bb0.3&#8243; width=\u00bb10\/12&#8243; tablet_width_inherit=\u00bbdefault\u00bb tablet_text_alignment=\u00bbdefault\u00bb phone_text_alignment=\u00bbdefault\u00bb animation_type=\u00bbdefault\u00bb bg_image_animation=\u00bbnone\u00bb border_type=\u00bbsimple\u00bb column_border_width=\u00bbnone\u00bb column_border_style=\u00bbsolid\u00bb][vc_custom_heading text=\u00bbSegunda semana en Sicilia occidental\u00bb font_container=\u00bbtag:h2|font_size:37px|text_align:left|color:%230f326c|line_height:48px\u00bb use_theme_fonts=\u00bbyes\u00bb][vc_custom_heading text=\u00bb23-28 de mayo de 2023&#8243; font_container=\u00bbtag:h2|font_size:37px|text_align:left|color:%233a8eaa|line_height:48px\u00bb use_theme_fonts=\u00bbyes\u00bb][divider line_type=\u00bbNo Line\u00bb custom_height=\u00bb20px\u00bb][vc_column_text]La segunda semana de la campa\u00f1a de vela comenz\u00f3 en Palermo con un destacado evento organizado por la Lega Navale Italiana (LNI) con motivo del D\u00eda Nacional de la Legalidad: una regata en homenaje a las v\u00edctimas de la mafia, que adem\u00e1s inaugur\u00f3 las etapas sicilianas previstas por el proyecto.<\/p>\n<p>Particip\u00f3 tambi\u00e9n Our Dream, embarcaci\u00f3n incautada a actividades criminales y confiada a la Lega Navale Italiana para actividades institucionales, sociales y ambientales, como en este caso.<\/p>\n<p>En paralelo, el 23 de mayo la LIPU organiz\u00f3 en la Reserva Natural Orientada (RNO) Isola delle Femmine una actividad en velero bajo el lema \u201cVeamos navegar en el golfo de Carini\u201d. Creada en 1997 y gestionada por LIPU, la RNO alberga numerosas particularidades: la isla es un geositio y Zona de Especial Conservaci\u00f3n (ZSC) Isola delle Femmine.<\/p>\n<p>Para preservar el entorno marino se han establecido el \u00c1rea Marina Protegida Capo Gallo \u2013 Isola delle Femmine y el espacio Natura 2000 Fondali di Isola delle Femmine \u2013 Capo Gallo, configurando as\u00ed una aut\u00e9ntica \u201cmatrioska\u201d de biodiversidad.<\/p>\n<p>El Our Dream zarp\u00f3 el 24 de mayo desde Palermo rumbo a San Vito Lo Capo, llevando a bordo a los patrones Fulvio Cardella y su esposa Adele, y Costanza Viglianisi, estudiante de Ecolog\u00eda del Cambio Global de la Universidad de Bolonia para Triton Research. El velero lleg\u00f3 a Trapani el 25 de mayo, donde Diego Mattioli, director del proyecto LIFE A-MAR NATURA2000, se sum\u00f3 a la tripulaci\u00f3n.<\/p>\n<p>Desde Trapani, el 26 de mayo, Our Dream entr\u00f3 en el \u00c1rea Marina Protegida de las Islas Egadi, la reserva marina m\u00e1s grande de Europa, circunnavegando las islas de Levanzo y, al d\u00eda siguiente, Favignana, antes de regresar a Palermo el 28 de mayo.<\/p>\n<p>Entre los eventos asociados, Federparchi-Europarc Italia organiz\u00f3 dos encuentros participativos: el 26 en Trapani, en la sede local de la LNI con participaci\u00f3n de la Asociaci\u00f3n de Magistrados, y el 27 en Favignana en colaboraci\u00f3n con el AMP de las Islas Egadi. Tambi\u00e9n en Favignana se ofrecieron dos visitas guiadas gratuitas: el 27 al antiguo establecimiento Florio (abordando aspectos de biolog\u00eda, historia y arqueolog\u00eda) y el 28 a Cala Rossa hasta las canteras del Bue Marino.<\/p>\n<p>Los h\u00e1bitats prioritarios de la zona de navegaci\u00f3n est\u00e1n constituidos principalmente por escolleras, cuevas submarinas, praderas de <em>Posidonia oceanica<\/em> y bancos de arena sumergidos. A estos se suman las peculiares estructuras de verm\u00e9tidos creadas por el gaster\u00f3podo s\u00e9sil <em>Dendropoma petraeum<\/em>, presentes sobre todo en el espacio Natura 2000 \u201cFondali del Golfo di Custonaci\u201d.<\/p>\n<p>Entre las especies marinas m\u00e1s relevantes destaca el delf\u00edn nariz de botella (<em>Tursiops truncatus<\/em>), uno de los delfines m\u00e1s costeros y conocidos del Mediterr\u00e1neo, que la tripulaci\u00f3n tuvo la fortuna de avistar en dos ocasiones. Asimismo, la zona es un importante corredor migratorio para aves como cig\u00fce\u00f1as, rapaces y alimoches (<em>Neophron percnopterus<\/em>), presentes especialmente en las Islas Egadi[\/vc_column_text][\/vc_column][vc_column column_padding=\u00bbno-extra-padding\u00bb column_padding_tablet=\u00bbinherit\u00bb column_padding_phone=\u00bbinherit\u00bb column_padding_position=\u00bball\u00bb column_element_spacing=\u00bbdefault\u00bb background_color_opacity=\u00bb1&#8243; background_hover_color_opacity=\u00bb1&#8243; column_shadow=\u00bbnone\u00bb column_border_radius=\u00bbnone\u00bb column_link_target=\u00bb_self\u00bb column_position=\u00bbdefault\u00bb gradient_direction=\u00bbleft_to_right\u00bb overlay_strength=\u00bb0.3&#8243; width=\u00bb1\/12&#8243; tablet_width_inherit=\u00bbdefault\u00bb tablet_text_alignment=\u00bbdefault\u00bb phone_text_alignment=\u00bbdefault\u00bb animation_type=\u00bbdefault\u00bb bg_image_animation=\u00bbnone\u00bb border_type=\u00bbsimple\u00bb column_border_width=\u00bbnone\u00bb column_border_style=\u00bbsolid\u00bb][\/vc_column][\/vc_row][vc_row type=\u00bbfull_width_content\u00bb full_screen_row_position=\u00bbmiddle\u00bb column_margin=\u00bbdefault\u00bb equal_height=\u00bbyes\u00bb content_placement=\u00bbmiddle\u00bb column_direction=\u00bbdefault\u00bb column_direction_tablet=\u00bbdefault\u00bb column_direction_phone=\u00bbdefault\u00bb bg_color=\u00bb#ecfcff\u00bb scene_position=\u00bbcenter\u00bb top_padding=\u00bb10px\u00bb bottom_padding=\u00bb70px\u00bb text_color=\u00bbdark\u00bb text_align=\u00bbleft\u00bb row_border_radius=\u00bbnone\u00bb row_border_radius_applies=\u00bbbg\u00bb overflow=\u00bbvisible\u00bb advanced_gradient_angle=\u00bb0&#8243; overlay_strength=\u00bb0.3&#8243; gradient_direction=\u00bbleft_to_right\u00bb shape_divider_position=\u00bbbottom\u00bb bg_image_animation=\u00bbnone\u00bb gradient_type=\u00bbdefault\u00bb shape_type=\u00bbcurve_opacity\u00bb][vc_column column_padding=\u00bbno-extra-padding\u00bb column_padding_tablet=\u00bbinherit\u00bb column_padding_phone=\u00bbinherit\u00bb column_padding_position=\u00bball\u00bb column_element_spacing=\u00bbdefault\u00bb background_color_opacity=\u00bb1&#8243; background_hover_color_opacity=\u00bb1&#8243; column_shadow=\u00bbnone\u00bb column_border_radius=\u00bbnone\u00bb column_link_target=\u00bb_self\u00bb column_position=\u00bbdefault\u00bb gradient_direction=\u00bbleft_to_right\u00bb overlay_strength=\u00bb0.3&#8243; width=\u00bb1\/1&#8243; tablet_width_inherit=\u00bbdefault\u00bb tablet_text_alignment=\u00bbdefault\u00bb phone_text_alignment=\u00bbdefault\u00bb animation_type=\u00bbdefault\u00bb bg_image_animation=\u00bbnone\u00bb border_type=\u00bbsimple\u00bb column_border_width=\u00bbnone\u00bb column_border_style=\u00bbsolid\u00bb][vc_gallery type=\u00bbflickity_static_height_style\u00bb images=\u00bb8561,8563,8565,8567,8569,8571,8573&#8243; flickity_spacing=\u00bbdefault\u00bb flickity_controls=\u00bbpagination\u00bb flickity_overflow=\u00bbhidden\u00bb flickity_wrap_around=\u00bbwrap\u00bb flickity_box_shadow=\u00bbnone\u00bb image_loading=\u00bbdefault\u00bb onclick=\u00bblink_no\u00bb][\/vc_column][\/vc_row][vc_row type=\u00bbfull_width_background\u00bb full_screen_row_position=\u00bbmiddle\u00bb column_margin=\u00bbdefault\u00bb equal_height=\u00bbyes\u00bb content_placement=\u00bbmiddle\u00bb column_direction=\u00bbdefault\u00bb column_direction_tablet=\u00bbdefault\u00bb column_direction_phone=\u00bbdefault\u00bb bg_color=\u00bb#ecfcff\u00bb scene_position=\u00bbcenter\u00bb top_padding=\u00bb10px\u00bb bottom_padding=\u00bb70px\u00bb text_color=\u00bbdark\u00bb text_align=\u00bbleft\u00bb row_border_radius=\u00bbnone\u00bb row_border_radius_applies=\u00bbbg\u00bb overflow=\u00bbvisible\u00bb advanced_gradient_angle=\u00bb0&#8243; overlay_strength=\u00bb0.3&#8243; gradient_direction=\u00bbleft_to_right\u00bb shape_divider_position=\u00bbbottom\u00bb bg_image_animation=\u00bbnone\u00bb gradient_type=\u00bbdefault\u00bb shape_type=\u00bbcurve_opacity\u00bb][vc_column column_padding=\u00bbno-extra-padding\u00bb column_padding_tablet=\u00bbinherit\u00bb column_padding_phone=\u00bbinherit\u00bb column_padding_position=\u00bball\u00bb column_element_spacing=\u00bbdefault\u00bb background_color_opacity=\u00bb1&#8243; background_hover_color_opacity=\u00bb1&#8243; column_shadow=\u00bbnone\u00bb column_border_radius=\u00bbnone\u00bb column_link_target=\u00bb_self\u00bb column_position=\u00bbdefault\u00bb gradient_direction=\u00bbleft_to_right\u00bb overlay_strength=\u00bb0.3&#8243; width=\u00bb1\/12&#8243; tablet_width_inherit=\u00bbdefault\u00bb tablet_text_alignment=\u00bbdefault\u00bb phone_text_alignment=\u00bbdefault\u00bb animation_type=\u00bbdefault\u00bb bg_image_animation=\u00bbnone\u00bb border_type=\u00bbsimple\u00bb column_border_width=\u00bbnone\u00bb column_border_style=\u00bbsolid\u00bb][\/vc_column][vc_column column_padding=\u00bbno-extra-padding\u00bb column_padding_tablet=\u00bbinherit\u00bb column_padding_phone=\u00bbinherit\u00bb column_padding_position=\u00bball\u00bb column_element_spacing=\u00bbdefault\u00bb background_color_opacity=\u00bb1&#8243; background_hover_color_opacity=\u00bb1&#8243; column_shadow=\u00bbnone\u00bb column_border_radius=\u00bbnone\u00bb column_link_target=\u00bb_self\u00bb column_position=\u00bbdefault\u00bb gradient_direction=\u00bbleft_to_right\u00bb overlay_strength=\u00bb0.3&#8243; width=\u00bb10\/12&#8243; tablet_width_inherit=\u00bbdefault\u00bb tablet_text_alignment=\u00bbdefault\u00bb phone_text_alignment=\u00bbdefault\u00bb animation_type=\u00bbdefault\u00bb bg_image_animation=\u00bbnone\u00bb border_type=\u00bbsimple\u00bb column_border_width=\u00bbnone\u00bb column_border_style=\u00bbsolid\u00bb][vc_column_text]<strong>Espacios marino-costeros Natura 2000 atravesados o pr\u00f3ximos durante la navegaci\u00f3n (orden cronol\u00f3gico):<\/strong><\/p>\n<ul>\n<li>ITA020047 Fondali dell\u2019isola delle Femmine<\/li>\n<li>ITA 020005 Isola delle Femmine<\/li>\n<li>ITA010032 Fondali dello Zingaro<\/li>\n<li>ITA010025 Fondali del Golfo di Custonaci<\/li>\n<li>ITA010007 Saline di Trapani<\/li>\n<li>ITA010003 Isola di Levanzo<\/li>\n<li>ITA010004 Isola di Favignana<\/li>\n<li>ITA010024 Fondali dell\u2019Arcipelago delle Isole Egadi<\/li>\n<li>ITA010027 Arcipelago delle Egadi<\/li>\n<li>ITA010026 Fondali dell&#8217;isola dello Stagnone di Marsala<\/li>\n<li>ITA010001 Isole dello Stagnone di Marsala<\/li>\n<\/ul>\n[\/vc_column_text][\/vc_column][vc_column column_padding=\u00bbno-extra-padding\u00bb column_padding_tablet=\u00bbinherit\u00bb column_padding_phone=\u00bbinherit\u00bb column_padding_position=\u00bball\u00bb column_element_spacing=\u00bbdefault\u00bb background_color_opacity=\u00bb1&#8243; background_hover_color_opacity=\u00bb1&#8243; column_shadow=\u00bbnone\u00bb column_border_radius=\u00bbnone\u00bb column_link_target=\u00bb_self\u00bb column_position=\u00bbdefault\u00bb gradient_direction=\u00bbleft_to_right\u00bb overlay_strength=\u00bb0.3&#8243; width=\u00bb1\/12&#8243; tablet_width_inherit=\u00bbdefault\u00bb tablet_text_alignment=\u00bbdefault\u00bb phone_text_alignment=\u00bbdefault\u00bb animation_type=\u00bbdefault\u00bb bg_image_animation=\u00bbnone\u00bb border_type=\u00bbsimple\u00bb column_border_width=\u00bbnone\u00bb column_border_style=\u00bbsolid\u00bb][\/vc_column][\/vc_row]\n","protected":false},"excerpt":{"rendered":"<p>[vc_row type=\u00bbfull_width_background\u00bb full_screen_row_position=\u00bbmiddle\u00bb column_margin=\u00bbdefault\u00bb column_direction=\u00bbdefault\u00bb column_direction_tablet=\u00bbdefault\u00bb column_direction_phone=\u00bbdefault\u00bb bg_image=\u00bb8577&#8243; bg_position=\u00bbcenter top\u00bb background_image_loading=\u00bbdefault\u00bb bg_repeat=\u00bbno-repeat\u00bb scene_position=\u00bbcenter\u00bb top_padding=\u00bb500px\u00bb text_color=\u00bbdark\u00bb text_align=\u00bbleft\u00bb row_border_radius=\u00bbnone\u00bb row_border_radius_applies=\u00bbbg\u00bb overflow=\u00bbvisible\u00bb enable_gradient=\u00bbtrue\u00bb color_overlay=\u00bb#0f326c\u00bb advanced_gradient_angle=\u00bb0&#8243; overlay_strength=\u00bb0.8&#8243; gradient_direction=\u00bbtop_to_bottom\u00bb shape_divider_color=\u00bb#ecfcff\u00bb shape_divider_position=\u00bbbottom\u00bb shape_divider_height=\u00bb30%\u00bb bg_image_animation=\u00bbnone\u00bb parallax_bg=\u00bbtrue\u00bb parallax_bg_speed=\u00bbmedium_fast\u00bb&#8230;<\/p>\n","protected":false},"author":2,"featured_media":11445,"parent":0,"menu_order":0,"comment_status":"closed","ping_status":"closed","template":"","meta":{"inline_featured_image":false,"_monsterinsights_skip_tracking":false,"_monsterinsights_sitenote_active":false,"_monsterinsights_sitenote_note":"","_monsterinsights_sitenote_category":0,"amar_nazione":"","amar_regione":"","amar_codice":"","amar_tipologia":"","amar_ente":"","amar_habitat":"","amar_fauna":"","amar_flora":"","amar_link":"","amar_email":"","amar_contatti":"","amar_media":"","amar_tipo_sito":"","amar_reg_biog":"","amar_aggiorn":"","amar_fuso":"","amar_area":"","amar_perimeter":"","amar_hectares":"","amar_nowprint":"","amar_sic_zsc":"","amar_kml_coords_simple":"","amar_insert_gallery_img":"","amar_gallery_approved":[],"amar_gallery_massive":[]},"acf":[],"yoast_head":"<!-- This site is optimized with the Yoast SEO plugin v21.8 - https:\/\/yoast.com\/wordpress\/plugins\/seo\/ -->\n<title>Campa\u00f1a de navegaci\u00f3n - Segunda semana: 23 \u2013 28 de mayo, 2023 - LIFE A-MAR<\/title>\n<meta name=\"description\" content=\"La segunda semana de la campa\u00f1a de vela comenz\u00f3 en Palermo con un destacado evento organizado por la Lega Navale Italiana (LNI) con motivo del D\u00eda Nacional de la Legalidad: una regata en homenaje a las v\u00edctimas de la mafia, que adem\u00e1s inaugur\u00f3 las etapas sicilianas previstas por el proyecto.\" \/>\n<meta name=\"robots\" content=\"index, follow, max-snippet:-1, max-image-preview:large, max-video-preview:-1\" \/>\n<link rel=\"canonical\" href=\"https:\/\/lifeamarnatura2000.eu\/es\/campana-de-navegacion-segunda-semana-23-28-de-mayo-2023\/\" \/>\n<meta property=\"og:locale\" content=\"es_ES\" \/>\n<meta property=\"og:type\" content=\"article\" \/>\n<meta property=\"og:title\" content=\"Campa\u00f1a de navegaci\u00f3n - Segunda semana: 23 \u2013 28 de mayo, 2023 - LIFE A-MAR\" \/>\n<meta property=\"og:description\" content=\"La segunda semana de la campa\u00f1a de vela comenz\u00f3 en Palermo con un destacado evento organizado por la Lega Navale Italiana (LNI) con motivo del D\u00eda Nacional de la Legalidad: una regata en homenaje a las v\u00edctimas de la mafia, que adem\u00e1s inaugur\u00f3 las etapas sicilianas previstas por el proyecto.\" \/>\n<meta property=\"og:url\" content=\"https:\/\/lifeamarnatura2000.eu\/es\/campana-de-navegacion-segunda-semana-23-28-de-mayo-2023\/\" \/>\n<meta property=\"og:site_name\" content=\"LIFE A-MAR\" \/>\n<meta property=\"article:modified_time\" content=\"2026-02-10T13:12:45+00:00\" \/>\n<meta property=\"og:image\" content=\"https:\/\/lifeamarnatura2000.eu\/wp-content\/uploads\/2023\/02\/SIC-OCC.jpg\" \/>\n\t<meta property=\"og:image:width\" content=\"850\" \/>\n\t<meta property=\"og:image:height\" content=\"850\" \/>\n\t<meta property=\"og:image:type\" content=\"image\/jpeg\" \/>\n<meta name=\"twitter:card\" content=\"summary_large_image\" \/>\n<meta name=\"twitter:label1\" content=\"Tiempo de lectura\" \/>\n\t<meta name=\"twitter:data1\" content=\"7 minutos\" \/>\n<script type=\"application\/ld+json\" class=\"yoast-schema-graph\">{\"@context\":\"https:\/\/schema.org\",\"@graph\":[{\"@type\":\"WebPage\",\"@id\":\"https:\/\/lifeamarnatura2000.eu\/es\/campana-de-navegacion-segunda-semana-23-28-de-mayo-2023\/\",\"url\":\"https:\/\/lifeamarnatura2000.eu\/es\/campana-de-navegacion-segunda-semana-23-28-de-mayo-2023\/\",\"name\":\"Campa\u00f1a de navegaci\u00f3n - Segunda semana: 23 \u2013 28 de mayo, 2023 - LIFE A-MAR\",\"isPartOf\":{\"@id\":\"https:\/\/lifeamarnatura2000.eu\/es\/#website\"},\"datePublished\":\"2023-06-15T16:33:38+00:00\",\"dateModified\":\"2026-02-10T13:12:45+00:00\",\"description\":\"La segunda semana de la campa\u00f1a de vela comenz\u00f3 en Palermo con un destacado evento organizado por la Lega Navale Italiana (LNI) con motivo del D\u00eda Nacional de la Legalidad: una regata en homenaje a las v\u00edctimas de la mafia, que adem\u00e1s inaugur\u00f3 las etapas sicilianas previstas por el proyecto.\",\"breadcrumb\":{\"@id\":\"https:\/\/lifeamarnatura2000.eu\/es\/campana-de-navegacion-segunda-semana-23-28-de-mayo-2023\/#breadcrumb\"},\"inLanguage\":\"es\",\"potentialAction\":[{\"@type\":\"ReadAction\",\"target\":[\"https:\/\/lifeamarnatura2000.eu\/es\/campana-de-navegacion-segunda-semana-23-28-de-mayo-2023\/\"]}]},{\"@type\":\"BreadcrumbList\",\"@id\":\"https:\/\/lifeamarnatura2000.eu\/es\/campana-de-navegacion-segunda-semana-23-28-de-mayo-2023\/#breadcrumb\",\"itemListElement\":[{\"@type\":\"ListItem\",\"position\":1,\"name\":\"Home\",\"item\":\"https:\/\/lifeamarnatura2000.eu\/es\/life-a-mar-natura2000-allassemblea-di-federparchi-la-mostra-sul-progetto\/\"},{\"@type\":\"ListItem\",\"position\":2,\"name\":\"Campa\u00f1a de navegaci\u00f3n &#8211; Segunda semana: 23 \u2013 28 de mayo, 2023\"}]},{\"@type\":\"WebSite\",\"@id\":\"https:\/\/lifeamarnatura2000.eu\/es\/#website\",\"url\":\"https:\/\/lifeamarnatura2000.eu\/es\/\",\"name\":\"LIFE A-MAR\",\"description\":\"Amare il mare e i suoi siti protetti, imparando a conoscerli\",\"potentialAction\":[{\"@type\":\"SearchAction\",\"target\":{\"@type\":\"EntryPoint\",\"urlTemplate\":\"https:\/\/lifeamarnatura2000.eu\/es\/?s={search_term_string}\"},\"query-input\":\"required name=search_term_string\"}],\"inLanguage\":\"es\"}]}<\/script>\n<!-- \/ Yoast SEO plugin. -->","yoast_head_json":{"title":"Campa\u00f1a de navegaci\u00f3n - Segunda semana: 23 \u2013 28 de mayo, 2023 - LIFE A-MAR","description":"La segunda semana de la campa\u00f1a de vela comenz\u00f3 en Palermo con un destacado evento organizado por la Lega Navale Italiana (LNI) con motivo del D\u00eda Nacional de la Legalidad: una regata en homenaje a las v\u00edctimas de la mafia, que adem\u00e1s inaugur\u00f3 las etapas sicilianas previstas por el proyecto.","robots":{"index":"index","follow":"follow","max-snippet":"max-snippet:-1","max-image-preview":"max-image-preview:large","max-video-preview":"max-video-preview:-1"},"canonical":"https:\/\/lifeamarnatura2000.eu\/es\/campana-de-navegacion-segunda-semana-23-28-de-mayo-2023\/","og_locale":"es_ES","og_type":"article","og_title":"Campa\u00f1a de navegaci\u00f3n - Segunda semana: 23 \u2013 28 de mayo, 2023 - LIFE A-MAR","og_description":"La segunda semana de la campa\u00f1a de vela comenz\u00f3 en Palermo con un destacado evento organizado por la Lega Navale Italiana (LNI) con motivo del D\u00eda Nacional de la Legalidad: una regata en homenaje a las v\u00edctimas de la mafia, que adem\u00e1s inaugur\u00f3 las etapas sicilianas previstas por el proyecto.","og_url":"https:\/\/lifeamarnatura2000.eu\/es\/campana-de-navegacion-segunda-semana-23-28-de-mayo-2023\/","og_site_name":"LIFE A-MAR","article_modified_time":"2026-02-10T13:12:45+00:00","og_image":[{"width":850,"height":850,"url":"https:\/\/lifeamarnatura2000.eu\/wp-content\/uploads\/2023\/02\/SIC-OCC.jpg","type":"image\/jpeg"}],"twitter_card":"summary_large_image","twitter_misc":{"Tiempo de lectura":"7 minutos"},"schema":{"@context":"https:\/\/schema.org","@graph":[{"@type":"WebPage","@id":"https:\/\/lifeamarnatura2000.eu\/es\/campana-de-navegacion-segunda-semana-23-28-de-mayo-2023\/","url":"https:\/\/lifeamarnatura2000.eu\/es\/campana-de-navegacion-segunda-semana-23-28-de-mayo-2023\/","name":"Campa\u00f1a de navegaci\u00f3n - Segunda semana: 23 \u2013 28 de mayo, 2023 - LIFE A-MAR","isPartOf":{"@id":"https:\/\/lifeamarnatura2000.eu\/es\/#website"},"datePublished":"2023-06-15T16:33:38+00:00","dateModified":"2026-02-10T13:12:45+00:00","description":"La segunda semana de la campa\u00f1a de vela comenz\u00f3 en Palermo con un destacado evento organizado por la Lega Navale Italiana (LNI) con motivo del D\u00eda Nacional de la Legalidad: una regata en homenaje a las v\u00edctimas de la mafia, que adem\u00e1s inaugur\u00f3 las etapas sicilianas previstas por el proyecto.","breadcrumb":{"@id":"https:\/\/lifeamarnatura2000.eu\/es\/campana-de-navegacion-segunda-semana-23-28-de-mayo-2023\/#breadcrumb"},"inLanguage":"es","potentialAction":[{"@type":"ReadAction","target":["https:\/\/lifeamarnatura2000.eu\/es\/campana-de-navegacion-segunda-semana-23-28-de-mayo-2023\/"]}]},{"@type":"BreadcrumbList","@id":"https:\/\/lifeamarnatura2000.eu\/es\/campana-de-navegacion-segunda-semana-23-28-de-mayo-2023\/#breadcrumb","itemListElement":[{"@type":"ListItem","position":1,"name":"Home","item":"https:\/\/lifeamarnatura2000.eu\/es\/life-a-mar-natura2000-allassemblea-di-federparchi-la-mostra-sul-progetto\/"},{"@type":"ListItem","position":2,"name":"Campa\u00f1a de navegaci\u00f3n &#8211; Segunda semana: 23 \u2013 28 de mayo, 2023"}]},{"@type":"WebSite","@id":"https:\/\/lifeamarnatura2000.eu\/es\/#website","url":"https:\/\/lifeamarnatura2000.eu\/es\/","name":"LIFE A-MAR","description":"Amare il mare e i suoi siti protetti, imparando a conoscerli","potentialAction":[{"@type":"SearchAction","target":{"@type":"EntryPoint","urlTemplate":"https:\/\/lifeamarnatura2000.eu\/es\/?s={search_term_string}"},"query-input":"required name=search_term_string"}],"inLanguage":"es"}]}},"_links":{"self":[{"href":"https:\/\/lifeamarnatura2000.eu\/es\/wp-json\/wp\/v2\/pages\/12130"}],"collection":[{"href":"https:\/\/lifeamarnatura2000.eu\/es\/wp-json\/wp\/v2\/pages"}],"about":[{"href":"https:\/\/lifeamarnatura2000.eu\/es\/wp-json\/wp\/v2\/types\/page"}],"author":[{"embeddable":true,"href":"https:\/\/lifeamarnatura2000.eu\/es\/wp-json\/wp\/v2\/users\/2"}],"replies":[{"embeddable":true,"href":"https:\/\/lifeamarnatura2000.eu\/es\/wp-json\/wp\/v2\/comments?post=12130"}],"version-history":[{"count":6,"href":"https:\/\/lifeamarnatura2000.eu\/es\/wp-json\/wp\/v2\/pages\/12130\/revisions"}],"predecessor-version":[{"id":16234,"href":"https:\/\/lifeamarnatura2000.eu\/es\/wp-json\/wp\/v2\/pages\/12130\/revisions\/16234"}],"wp:featuredmedia":[{"embeddable":true,"href":"https:\/\/lifeamarnatura2000.eu\/es\/wp-json\/wp\/v2\/media\/11445"}],"wp:attachment":[{"href":"https:\/\/lifeamarnatura2000.eu\/es\/wp-json\/wp\/v2\/media?parent=12130"}],"curies":[{"name":"wp","href":"https:\/\/api.w.org\/{rel}","templated":true}]}}