{"id":10480,"date":"2023-01-10T17:09:53","date_gmt":"2023-01-10T16:09:53","guid":{"rendered":"https:\/\/lifeamarnatura2000.eu\/?page_id=10480"},"modified":"2024-08-27T14:04:27","modified_gmt":"2024-08-27T13:04:27","slug":"los-objetivos-y-protagonistas","status":"publish","type":"page","link":"https:\/\/lifeamarnatura2000.eu\/es\/los-objetivos-y-protagonistas\/","title":{"rendered":"Los objetivos y protagonistas"},"content":{"rendered":"[vc_row type=\u00bbfull_width_background\u00bb full_screen_row_position=\u00bbmiddle\u00bb column_margin=\u00bbdefault\u00bb column_direction=\u00bbdefault\u00bb column_direction_tablet=\u00bbdefault\u00bb column_direction_phone=\u00bbdefault\u00bb bg_image=\u00bb3693&#8243; bg_image_tablet=\u00bb3693&#8243; bg_image_phone=\u00bb3693&#8243; bg_position=\u00bbcenter center\u00bb background_image_loading=\u00bbdefault\u00bb bg_repeat=\u00bbno-repeat\u00bb scene_position=\u00bbcenter\u00bb top_padding=\u00bb500px\u00bb top_padding_phone=\u00bb250px\u00bb text_color=\u00bbdark\u00bb text_align=\u00bbleft\u00bb row_border_radius=\u00bbnone\u00bb row_border_radius_applies=\u00bbbg\u00bb overflow=\u00bbvisible\u00bb enable_gradient=\u00bbtrue\u00bb color_overlay=\u00bb#001c6b\u00bb advanced_gradient_angle=\u00bb180&#8243; overlay_strength=\u00bb0.8&#8243; gradient_direction=\u00bbtop_to_bottom\u00bb shape_divider_color=\u00bb#ecfcff\u00bb shape_divider_position=\u00bbbottom\u00bb shape_divider_height=\u00bb30%\u00bb bg_image_animation=\u00bbnone\u00bb parallax_bg=\u00bbtrue\u00bb parallax_bg_speed=\u00bbmedium_fast\u00bb gradient_type=\u00bbdefault\u00bb shape_type=\u00bbwaves\u00bb][vc_column column_padding=\u00bbno-extra-padding\u00bb column_padding_tablet=\u00bbinherit\u00bb column_padding_phone=\u00bbinherit\u00bb column_padding_position=\u00bball\u00bb column_element_spacing=\u00bbdefault\u00bb background_color_opacity=\u00bb1&#8243; background_hover_color_opacity=\u00bb1&#8243; column_shadow=\u00bbnone\u00bb column_border_radius=\u00bbnone\u00bb column_link_target=\u00bb_self\u00bb column_position=\u00bbdefault\u00bb gradient_direction=\u00bbleft_to_right\u00bb overlay_strength=\u00bb0.3&#8243; width=\u00bb1\/1&#8243; tablet_width_inherit=\u00bbdefault\u00bb tablet_text_alignment=\u00bbdefault\u00bb phone_text_alignment=\u00bbdefault\u00bb animation_type=\u00bbdefault\u00bb bg_image_animation=\u00bbnone\u00bb border_type=\u00bbsimple\u00bb column_border_width=\u00bbnone\u00bb column_border_style=\u00bbsolid\u00bb][\/vc_column][\/vc_row][vc_row type=\u00bbfull_width_background\u00bb full_screen_row_position=\u00bbmiddle\u00bb column_margin=\u00bbdefault\u00bb equal_height=\u00bbyes\u00bb content_placement=\u00bbmiddle\u00bb column_direction=\u00bbdefault\u00bb column_direction_tablet=\u00bbdefault\u00bb column_direction_phone=\u00bbdefault\u00bb bg_color=\u00bb#ecfcff\u00bb scene_position=\u00bbcenter\u00bb top_padding=\u00bb150px\u00bb bottom_padding=\u00bb80px\u00bb bottom_padding_tablet=\u00bb0&#8243; top_padding_phone=\u00bb40px\u00bb bottom_padding_phone=\u00bb0px\u00bb text_color=\u00bbdark\u00bb text_align=\u00bbleft\u00bb row_border_radius=\u00bbnone\u00bb row_border_radius_applies=\u00bbbg\u00bb overflow=\u00bbvisible\u00bb advanced_gradient_angle=\u00bb0&#8243; overlay_strength=\u00bb0.3&#8243; gradient_direction=\u00bbleft_to_right\u00bb shape_divider_position=\u00bbbottom\u00bb bg_image_animation=\u00bbnone\u00bb gradient_type=\u00bbdefault\u00bb shape_type=\u00bb\u00bb][vc_column column_padding=\u00bbno-extra-padding\u00bb column_padding_tablet=\u00bbinherit\u00bb column_padding_phone=\u00bbinherit\u00bb column_padding_position=\u00bball\u00bb column_element_spacing=\u00bbdefault\u00bb background_color_opacity=\u00bb1&#8243; background_hover_color_opacity=\u00bb1&#8243; column_shadow=\u00bbnone\u00bb column_border_radius=\u00bbnone\u00bb column_link_target=\u00bb_self\u00bb column_position=\u00bbdefault\u00bb gradient_direction=\u00bbleft_to_right\u00bb overlay_strength=\u00bb0.3&#8243; width=\u00bb1\/12&#8243; tablet_width_inherit=\u00bbdefault\u00bb tablet_text_alignment=\u00bbdefault\u00bb phone_text_alignment=\u00bbdefault\u00bb animation_type=\u00bbdefault\u00bb bg_image_animation=\u00bbnone\u00bb border_type=\u00bbsimple\u00bb column_border_width=\u00bbnone\u00bb column_border_style=\u00bbsolid\u00bb][\/vc_column][vc_column column_padding=\u00bbpadding-3-percent\u00bb column_padding_tablet=\u00bbno-extra-padding\u00bb column_padding_phone=\u00bbno-extra-padding\u00bb column_padding_position=\u00bbright\u00bb column_element_spacing=\u00bbdefault\u00bb background_color_opacity=\u00bb1&#8243; background_hover_color_opacity=\u00bb1&#8243; column_shadow=\u00bbnone\u00bb column_border_radius=\u00bbnone\u00bb column_link_target=\u00bb_self\u00bb column_position=\u00bbdefault\u00bb advanced_gradient_angle=\u00bb0&#8243; gradient_direction=\u00bbleft_to_right\u00bb overlay_strength=\u00bb0.3&#8243; width=\u00bb5\/12&#8243; tablet_width_inherit=\u00bbdefault\u00bb tablet_text_alignment=\u00bbdefault\u00bb phone_text_alignment=\u00bbdefault\u00bb animation_type=\u00bbdefault\u00bb bg_image_animation=\u00bbnone\u00bb border_type=\u00bbsimple\u00bb column_border_width=\u00bbnone\u00bb column_border_style=\u00bbsolid\u00bb gradient_type=\u00bbdefault\u00bb][vc_custom_heading text=\u00bbLos objetivos y protagonistas de LIFE A-MAR NATURA 2000&#8243; font_container=\u00bbtag:h2|font_size:33px|text_align:left|color:%230f326c|line_height:48px\u00bb use_theme_fonts=\u00bbyes\u00bb][divider line_type=\u00bbNo Line\u00bb custom_height=\u00bb20px\u00bb custom_height_phone=\u00bb10px\u00bb][vc_column_text]Concretamente, los objetivos de LIFE A-MAR NATURA 2000 son:<\/p>\n<ol>\n<li>Aumentar la concienciaci\u00f3n sobre la existencia, ubicaci\u00f3n e importancia de los espacios marinos de la Red Natura 2000 entre categor\u00edas espec\u00edficas de usuarios del mar.<\/li>\n<li>Promover buenas pr\u00e1cticas, que adem\u00e1s se puedan transferir, as\u00ed como comportamientos medioambientalmente sostenibles en la gesti\u00f3n de los espacios marinos de la Red Natura 2000.<\/li>\n<li>Promover una ciudadan\u00eda activa en el conocimiento y la educaci\u00f3n.<\/li>\n<li>Proporcionar formaci\u00f3n a los gestores y usuarios de los espacios marinos de la Red Natura 2000 para una comunicaci\u00f3n m\u00e1s precisa y eficaz sobre la presencia, los valores ambientales y los beneficios de estos espacios.<\/li>\n<li>Ampliar los conocimientos sobre los espacios marinos de la Red Natura 2000 de los sectores implicados y de otros usuarios que los frecuentan y aumentar su esfuerzo por la conservaci\u00f3n de estos espacios mediante las acciones de conocimiento y seguimiento previstas en el marco de las iniciativas de ciencia ciudadana.<\/li>\n<\/ol>\n[\/vc_column_text][\/vc_column][vc_column column_padding=\u00bbpadding-3-percent\u00bb column_padding_tablet=\u00bbno-extra-padding\u00bb column_padding_phone=\u00bbno-extra-padding\u00bb column_padding_position=\u00bbleft\u00bb column_element_spacing=\u00bbdefault\u00bb background_color_opacity=\u00bb1&#8243; background_hover_color_opacity=\u00bb1&#8243; column_shadow=\u00bbnone\u00bb column_border_radius=\u00bbnone\u00bb column_link_target=\u00bb_self\u00bb column_position=\u00bbdefault\u00bb advanced_gradient_angle=\u00bb0&#8243; gradient_direction=\u00bbleft_to_right\u00bb overlay_strength=\u00bb0.3&#8243; width=\u00bb5\/12&#8243; tablet_width_inherit=\u00bbdefault\u00bb tablet_text_alignment=\u00bbdefault\u00bb phone_text_alignment=\u00bbdefault\u00bb animation_type=\u00bbdefault\u00bb bg_image_animation=\u00bbnone\u00bb border_type=\u00bbsimple\u00bb column_border_width=\u00bbnone\u00bb column_border_style=\u00bbsolid\u00bb gradient_type=\u00bbdefault\u00bb][divider line_type=\u00bbNo Line\u00bb custom_height=\u00bb20px\u00bb][image_with_animation image_url=\u00bb3698&#8243; image_size=\u00bbfull\u00bb animation_type=\u00bbentrance\u00bb animation=\u00bbFade In\u00bb hover_animation=\u00bbnone\u00bb alignment=\u00bbright\u00bb border_radius=\u00bb10px\u00bb box_shadow=\u00bblarge_depth\u00bb image_loading=\u00bbdefault\u00bb max_width=\u00bb100%\u00bb max_width_mobile=\u00bbdefault\u00bb el_class=\u00bbcustom-box-shadow-obiettivi\u00bb][divider line_type=\u00bbNo Line\u00bb custom_height=\u00bb20px\u00bb][\/vc_column][vc_column column_padding=\u00bbno-extra-padding\u00bb column_padding_tablet=\u00bbinherit\u00bb column_padding_phone=\u00bbinherit\u00bb column_padding_position=\u00bball\u00bb column_element_spacing=\u00bbdefault\u00bb background_color_opacity=\u00bb1&#8243; background_hover_color_opacity=\u00bb1&#8243; column_shadow=\u00bbnone\u00bb column_border_radius=\u00bbnone\u00bb column_link_target=\u00bb_self\u00bb column_position=\u00bbdefault\u00bb advanced_gradient_angle=\u00bb0&#8243; gradient_direction=\u00bbleft_to_right\u00bb overlay_strength=\u00bb0.3&#8243; width=\u00bb1\/12&#8243; tablet_width_inherit=\u00bbdefault\u00bb tablet_text_alignment=\u00bbdefault\u00bb phone_text_alignment=\u00bbdefault\u00bb animation_type=\u00bbdefault\u00bb bg_image_animation=\u00bbnone\u00bb border_type=\u00bbsimple\u00bb column_border_width=\u00bbnone\u00bb column_border_style=\u00bbsolid\u00bb gradient_type=\u00bbdefault\u00bb offset=\u00bbvc_hidden-sm vc_hidden-xs\u00bb][\/vc_column][\/vc_row][vc_row type=\u00bbfull_width_background\u00bb full_screen_row_position=\u00bbmiddle\u00bb column_margin=\u00bbdefault\u00bb column_direction=\u00bbdefault\u00bb column_direction_tablet=\u00bbdefault\u00bb column_direction_phone=\u00bbdefault\u00bb bg_color=\u00bb#ecfcff\u00bb scene_position=\u00bbcenter\u00bb bottom_padding=\u00bb150px\u00bb bottom_padding_phone=\u00bb40px\u00bb text_color=\u00bbdark\u00bb text_align=\u00bbleft\u00bb row_border_radius=\u00bbnone\u00bb row_border_radius_applies=\u00bbbg\u00bb overflow=\u00bbvisible\u00bb advanced_gradient_angle=\u00bb0&#8243; overlay_strength=\u00bb0.3&#8243; gradient_direction=\u00bbleft_to_right\u00bb shape_divider_position=\u00bbbottom\u00bb bg_image_animation=\u00bbnone\u00bb gradient_type=\u00bbdefault\u00bb shape_type=\u00bb\u00bb][vc_column column_padding=\u00bbno-extra-padding\u00bb column_padding_tablet=\u00bbinherit\u00bb column_padding_phone=\u00bbinherit\u00bb column_padding_position=\u00bball\u00bb column_element_spacing=\u00bbdefault\u00bb background_color_opacity=\u00bb1&#8243; background_hover_color_opacity=\u00bb1&#8243; column_shadow=\u00bbnone\u00bb column_border_radius=\u00bbnone\u00bb column_link_target=\u00bb_self\u00bb column_position=\u00bbdefault\u00bb gradient_direction=\u00bbleft_to_right\u00bb overlay_strength=\u00bb0.3&#8243; width=\u00bb1\/12&#8243; tablet_width_inherit=\u00bbdefault\u00bb tablet_text_alignment=\u00bbdefault\u00bb phone_text_alignment=\u00bbdefault\u00bb animation_type=\u00bbdefault\u00bb bg_image_animation=\u00bbnone\u00bb border_type=\u00bbsimple\u00bb column_border_width=\u00bbnone\u00bb column_border_style=\u00bbsolid\u00bb][\/vc_column][vc_column column_padding=\u00bbno-extra-padding\u00bb column_padding_tablet=\u00bbinherit\u00bb column_padding_phone=\u00bbinherit\u00bb column_padding_position=\u00bball\u00bb column_element_spacing=\u00bbdefault\u00bb background_color_opacity=\u00bb1&#8243; background_hover_color_opacity=\u00bb1&#8243; column_shadow=\u00bbnone\u00bb column_border_radius=\u00bbnone\u00bb column_link_target=\u00bb_self\u00bb column_position=\u00bbdefault\u00bb gradient_direction=\u00bbleft_to_right\u00bb overlay_strength=\u00bb0.3&#8243; width=\u00bb10\/12&#8243; tablet_width_inherit=\u00bbdefault\u00bb tablet_text_alignment=\u00bbdefault\u00bb phone_text_alignment=\u00bbdefault\u00bb animation_type=\u00bbdefault\u00bb bg_image_animation=\u00bbnone\u00bb border_type=\u00bbsimple\u00bb column_border_width=\u00bbnone\u00bb column_border_style=\u00bbsolid\u00bb][nectar_highlighted_text color_type=\u00bbregular\u00bb style=\u00bbfull_text\u00bb highlight_expansion=\u00bbdefault\u00bb]<strong>El proyecto finalizar\u00e1 en 2025 y llevar\u00e1 a cabo acciones de comunicaci\u00f3n y sensibilizaci\u00f3n que incidir\u00e1n, principalmente, en los espacios marinos de la Red Natura 2000 \u00a0en el Mediterr\u00e1neo, que suman un total de 288 en Italia y 127 en Espa\u00f1a. Para ello, se implicar\u00e1 <\/strong>a cerca de 6 millones de usuarios del mar, incluidos pescadores, buceadores, empresas de hosteler\u00eda, turismo, y el sector n\u00e1utico-recreativo, operadores tur\u00edsticos; gu\u00edas tur\u00edsticos; navegantes; asociaciones conservacionistas y educativas; autoridades locales; poblaci\u00f3n local; turistas y visitantes.[\/nectar_highlighted_text][nectar_highlighted_text color_type=\u00bbregular\u00bb style=\u00bbfull_text\u00bb highlight_expansion=\u00bbdefault\u00bb]Coordina el proyecto <strong>Federparchi \u2013 Federaci\u00f3n Italiana de Parques y Reservas Naturales \u2013 Europarc Italia<\/strong> (que incluye a m\u00e1s de 160 entidades que gestionan zonas marinas y terrestres protegidas). Cuenta como socios a Triton Research, la Fundaci\u00f3n Biodiversidad del Ministerio para la Transici\u00f3n Ecol\u00f3gica y el Reto Demogr\u00e1fico y Lipu. Entre los cofinanciadores figuran el Parque Nacional de Asinara, el Parque Nacional del Archipi\u00e9lago Toscano y el Parque Nacional de Cinque Terre.[\/nectar_highlighted_text][vc_custom_heading text=\u00bbCONOCE A LOS SOCIOS\u00bb font_container=\u00bbtag:h6|font_size:17px|text_align:left|color:%2312c6ff|line_height:21px\u00bb use_theme_fonts=\u00bbyes\u00bb link=\u00bburl:%2Fes%2Fsocios%2F|title:News\u00bb css=\u00bb.vc_custom_1724763586808{margin-top: 40px !important;border-top-width: 10px !important;padding-top: 10px !important;}\u00bb el_class=\u00bbcta-underline\u00bb][\/vc_column][vc_column column_padding=\u00bbno-extra-padding\u00bb column_padding_tablet=\u00bbinherit\u00bb column_padding_phone=\u00bbinherit\u00bb column_padding_position=\u00bball\u00bb column_element_spacing=\u00bbdefault\u00bb background_color_opacity=\u00bb1&#8243; background_hover_color_opacity=\u00bb1&#8243; column_shadow=\u00bbnone\u00bb column_border_radius=\u00bbnone\u00bb column_link_target=\u00bb_self\u00bb column_position=\u00bbdefault\u00bb gradient_direction=\u00bbleft_to_right\u00bb overlay_strength=\u00bb0.3&#8243; width=\u00bb1\/12&#8243; tablet_width_inherit=\u00bbdefault\u00bb tablet_text_alignment=\u00bbdefault\u00bb phone_text_alignment=\u00bbdefault\u00bb animation_type=\u00bbdefault\u00bb bg_image_animation=\u00bbnone\u00bb border_type=\u00bbsimple\u00bb column_border_width=\u00bbnone\u00bb column_border_style=\u00bbsolid\u00bb][\/vc_column][\/vc_row]\n","protected":false},"excerpt":{"rendered":"<p>[vc_row type=\u00bbfull_width_background\u00bb full_screen_row_position=\u00bbmiddle\u00bb column_margin=\u00bbdefault\u00bb column_direction=\u00bbdefault\u00bb column_direction_tablet=\u00bbdefault\u00bb column_direction_phone=\u00bbdefault\u00bb bg_image=\u00bb3693&#8243; bg_image_tablet=\u00bb3693&#8243; bg_image_phone=\u00bb3693&#8243; bg_position=\u00bbcenter center\u00bb background_image_loading=\u00bbdefault\u00bb bg_repeat=\u00bbno-repeat\u00bb scene_position=\u00bbcenter\u00bb top_padding=\u00bb500px\u00bb top_padding_phone=\u00bb250px\u00bb text_color=\u00bbdark\u00bb text_align=\u00bbleft\u00bb row_border_radius=\u00bbnone\u00bb row_border_radius_applies=\u00bbbg\u00bb overflow=\u00bbvisible\u00bb enable_gradient=\u00bbtrue\u00bb color_overlay=\u00bb#001c6b\u00bb advanced_gradient_angle=\u00bb180&#8243; overlay_strength=\u00bb0.8&#8243; gradient_direction=\u00bbtop_to_bottom\u00bb shape_divider_color=\u00bb#ecfcff\u00bb shape_divider_position=\u00bbbottom\u00bb shape_divider_height=\u00bb30%\u00bb&#8230;<\/p>\n","protected":false},"author":1,"featured_media":0,"parent":0,"menu_order":0,"comment_status":"closed","ping_status":"closed","template":"","meta":{"inline_featured_image":false,"_monsterinsights_skip_tracking":false,"_monsterinsights_sitenote_active":false,"_monsterinsights_sitenote_note":"","_monsterinsights_sitenote_category":0,"amar_nazione":"","amar_regione":"","amar_codice":"","amar_tipologia":"","amar_ente":"","amar_habitat":"","amar_fauna":"","amar_flora":"","amar_link":"","amar_email":"","amar_contatti":"","amar_media":"","amar_tipo_sito":"","amar_reg_biog":"","amar_aggiorn":"","amar_fuso":"","amar_area":"","amar_perimeter":"","amar_hectares":"","amar_nowprint":"","amar_sic_zsc":"","amar_kml_coords_simple":"","amar_insert_gallery_img":"","amar_gallery_approved":[],"amar_gallery_massive":[]},"acf":[],"yoast_head":"<!-- This site is optimized with the Yoast SEO plugin v21.8 - https:\/\/yoast.com\/wordpress\/plugins\/seo\/ -->\n<title>Los objetivos y protagonistas - LIFE A-MAR<\/title>\n<meta name=\"robots\" content=\"index, follow, max-snippet:-1, max-image-preview:large, max-video-preview:-1\" \/>\n<link rel=\"canonical\" href=\"https:\/\/lifeamarnatura2000.eu\/es\/los-objetivos-y-protagonistas\/\" \/>\n<meta property=\"og:locale\" content=\"es_ES\" \/>\n<meta property=\"og:type\" content=\"article\" \/>\n<meta property=\"og:title\" content=\"Los objetivos y protagonistas - LIFE A-MAR\" \/>\n<meta property=\"og:description\" content=\"[vc_row type=\u00bbfull_width_background\u00bb full_screen_row_position=\u00bbmiddle\u00bb column_margin=\u00bbdefault\u00bb column_direction=\u00bbdefault\u00bb column_direction_tablet=\u00bbdefault\u00bb column_direction_phone=\u00bbdefault\u00bb bg_image=\u00bb3693&#8243; bg_image_tablet=\u00bb3693&#8243; bg_image_phone=\u00bb3693&#8243; bg_position=\u00bbcenter center\u00bb background_image_loading=\u00bbdefault\u00bb bg_repeat=\u00bbno-repeat\u00bb scene_position=\u00bbcenter\u00bb top_padding=\u00bb500px\u00bb top_padding_phone=\u00bb250px\u00bb text_color=\u00bbdark\u00bb text_align=\u00bbleft\u00bb row_border_radius=\u00bbnone\u00bb row_border_radius_applies=\u00bbbg\u00bb overflow=\u00bbvisible\u00bb enable_gradient=\u00bbtrue\u00bb color_overlay=\u00bb#001c6b\u00bb advanced_gradient_angle=\u00bb180&#8243; overlay_strength=\u00bb0.8&#8243; gradient_direction=\u00bbtop_to_bottom\u00bb shape_divider_color=\u00bb#ecfcff\u00bb shape_divider_position=\u00bbbottom\u00bb shape_divider_height=\u00bb30%\u00bb...\" \/>\n<meta property=\"og:url\" content=\"https:\/\/lifeamarnatura2000.eu\/es\/los-objetivos-y-protagonistas\/\" \/>\n<meta property=\"og:site_name\" content=\"LIFE A-MAR\" \/>\n<meta property=\"article:modified_time\" content=\"2024-08-27T13:04:27+00:00\" \/>\n<meta name=\"twitter:card\" content=\"summary_large_image\" \/>\n<meta name=\"twitter:label1\" content=\"Tiempo de lectura\" \/>\n\t<meta name=\"twitter:data1\" content=\"5 minutos\" \/>\n<script type=\"application\/ld+json\" class=\"yoast-schema-graph\">{\"@context\":\"https:\/\/schema.org\",\"@graph\":[{\"@type\":\"WebPage\",\"@id\":\"https:\/\/lifeamarnatura2000.eu\/es\/los-objetivos-y-protagonistas\/\",\"url\":\"https:\/\/lifeamarnatura2000.eu\/es\/los-objetivos-y-protagonistas\/\",\"name\":\"Los objetivos y protagonistas - LIFE A-MAR\",\"isPartOf\":{\"@id\":\"https:\/\/lifeamarnatura2000.eu\/es\/#website\"},\"datePublished\":\"2023-01-10T16:09:53+00:00\",\"dateModified\":\"2024-08-27T13:04:27+00:00\",\"breadcrumb\":{\"@id\":\"https:\/\/lifeamarnatura2000.eu\/es\/los-objetivos-y-protagonistas\/#breadcrumb\"},\"inLanguage\":\"es\",\"potentialAction\":[{\"@type\":\"ReadAction\",\"target\":[\"https:\/\/lifeamarnatura2000.eu\/es\/los-objetivos-y-protagonistas\/\"]}]},{\"@type\":\"BreadcrumbList\",\"@id\":\"https:\/\/lifeamarnatura2000.eu\/es\/los-objetivos-y-protagonistas\/#breadcrumb\",\"itemListElement\":[{\"@type\":\"ListItem\",\"position\":1,\"name\":\"Home\",\"item\":\"https:\/\/lifeamarnatura2000.eu\/es\/life-a-mar-natura2000-allassemblea-di-federparchi-la-mostra-sul-progetto\/\"},{\"@type\":\"ListItem\",\"position\":2,\"name\":\"Los objetivos y protagonistas\"}]},{\"@type\":\"WebSite\",\"@id\":\"https:\/\/lifeamarnatura2000.eu\/es\/#website\",\"url\":\"https:\/\/lifeamarnatura2000.eu\/es\/\",\"name\":\"LIFE A-MAR\",\"description\":\"Amare il mare e i suoi siti protetti, imparando a conoscerli\",\"potentialAction\":[{\"@type\":\"SearchAction\",\"target\":{\"@type\":\"EntryPoint\",\"urlTemplate\":\"https:\/\/lifeamarnatura2000.eu\/es\/?s={search_term_string}\"},\"query-input\":\"required name=search_term_string\"}],\"inLanguage\":\"es\"}]}<\/script>\n<!-- \/ Yoast SEO plugin. -->","yoast_head_json":{"title":"Los objetivos y protagonistas - LIFE A-MAR","robots":{"index":"index","follow":"follow","max-snippet":"max-snippet:-1","max-image-preview":"max-image-preview:large","max-video-preview":"max-video-preview:-1"},"canonical":"https:\/\/lifeamarnatura2000.eu\/es\/los-objetivos-y-protagonistas\/","og_locale":"es_ES","og_type":"article","og_title":"Los objetivos y protagonistas - LIFE A-MAR","og_description":"[vc_row type=\u00bbfull_width_background\u00bb full_screen_row_position=\u00bbmiddle\u00bb column_margin=\u00bbdefault\u00bb column_direction=\u00bbdefault\u00bb column_direction_tablet=\u00bbdefault\u00bb column_direction_phone=\u00bbdefault\u00bb bg_image=\u00bb3693&#8243; bg_image_tablet=\u00bb3693&#8243; bg_image_phone=\u00bb3693&#8243; bg_position=\u00bbcenter center\u00bb background_image_loading=\u00bbdefault\u00bb bg_repeat=\u00bbno-repeat\u00bb scene_position=\u00bbcenter\u00bb top_padding=\u00bb500px\u00bb top_padding_phone=\u00bb250px\u00bb text_color=\u00bbdark\u00bb text_align=\u00bbleft\u00bb row_border_radius=\u00bbnone\u00bb row_border_radius_applies=\u00bbbg\u00bb overflow=\u00bbvisible\u00bb enable_gradient=\u00bbtrue\u00bb color_overlay=\u00bb#001c6b\u00bb advanced_gradient_angle=\u00bb180&#8243; overlay_strength=\u00bb0.8&#8243; gradient_direction=\u00bbtop_to_bottom\u00bb shape_divider_color=\u00bb#ecfcff\u00bb shape_divider_position=\u00bbbottom\u00bb shape_divider_height=\u00bb30%\u00bb...","og_url":"https:\/\/lifeamarnatura2000.eu\/es\/los-objetivos-y-protagonistas\/","og_site_name":"LIFE A-MAR","article_modified_time":"2024-08-27T13:04:27+00:00","twitter_card":"summary_large_image","twitter_misc":{"Tiempo de lectura":"5 minutos"},"schema":{"@context":"https:\/\/schema.org","@graph":[{"@type":"WebPage","@id":"https:\/\/lifeamarnatura2000.eu\/es\/los-objetivos-y-protagonistas\/","url":"https:\/\/lifeamarnatura2000.eu\/es\/los-objetivos-y-protagonistas\/","name":"Los objetivos y protagonistas - LIFE A-MAR","isPartOf":{"@id":"https:\/\/lifeamarnatura2000.eu\/es\/#website"},"datePublished":"2023-01-10T16:09:53+00:00","dateModified":"2024-08-27T13:04:27+00:00","breadcrumb":{"@id":"https:\/\/lifeamarnatura2000.eu\/es\/los-objetivos-y-protagonistas\/#breadcrumb"},"inLanguage":"es","potentialAction":[{"@type":"ReadAction","target":["https:\/\/lifeamarnatura2000.eu\/es\/los-objetivos-y-protagonistas\/"]}]},{"@type":"BreadcrumbList","@id":"https:\/\/lifeamarnatura2000.eu\/es\/los-objetivos-y-protagonistas\/#breadcrumb","itemListElement":[{"@type":"ListItem","position":1,"name":"Home","item":"https:\/\/lifeamarnatura2000.eu\/es\/life-a-mar-natura2000-allassemblea-di-federparchi-la-mostra-sul-progetto\/"},{"@type":"ListItem","position":2,"name":"Los objetivos y protagonistas"}]},{"@type":"WebSite","@id":"https:\/\/lifeamarnatura2000.eu\/es\/#website","url":"https:\/\/lifeamarnatura2000.eu\/es\/","name":"LIFE A-MAR","description":"Amare il mare e i suoi siti protetti, imparando a conoscerli","potentialAction":[{"@type":"SearchAction","target":{"@type":"EntryPoint","urlTemplate":"https:\/\/lifeamarnatura2000.eu\/es\/?s={search_term_string}"},"query-input":"required name=search_term_string"}],"inLanguage":"es"}]}},"_links":{"self":[{"href":"https:\/\/lifeamarnatura2000.eu\/es\/wp-json\/wp\/v2\/pages\/10480"}],"collection":[{"href":"https:\/\/lifeamarnatura2000.eu\/es\/wp-json\/wp\/v2\/pages"}],"about":[{"href":"https:\/\/lifeamarnatura2000.eu\/es\/wp-json\/wp\/v2\/types\/page"}],"author":[{"embeddable":true,"href":"https:\/\/lifeamarnatura2000.eu\/es\/wp-json\/wp\/v2\/users\/1"}],"replies":[{"embeddable":true,"href":"https:\/\/lifeamarnatura2000.eu\/es\/wp-json\/wp\/v2\/comments?post=10480"}],"version-history":[{"count":16,"href":"https:\/\/lifeamarnatura2000.eu\/es\/wp-json\/wp\/v2\/pages\/10480\/revisions"}],"predecessor-version":[{"id":12755,"href":"https:\/\/lifeamarnatura2000.eu\/es\/wp-json\/wp\/v2\/pages\/10480\/revisions\/12755"}],"wp:attachment":[{"href":"https:\/\/lifeamarnatura2000.eu\/es\/wp-json\/wp\/v2\/media?parent=10480"}],"curies":[{"name":"wp","href":"https:\/\/api.w.org\/{rel}","templated":true}]}}