{"id":16271,"date":"2026-01-16T17:34:19","date_gmt":"2026-01-16T16:34:19","guid":{"rendered":"https:\/\/lifeamarnatura2000.eu\/start-of-the-navigation-campaign-cabo-de-palos-cartagena-region-of-murcia\/"},"modified":"2026-02-11T14:59:46","modified_gmt":"2026-02-11T13:59:46","slug":"start-of-the-navigation-campaign","status":"publish","type":"page","link":"https:\/\/lifeamarnatura2000.eu\/en\/start-of-the-navigation-campaign\/","title":{"rendered":"Start of the Navigation Campaign"},"content":{"rendered":"[vc_row type=&#8221;full_width_content&#8221; full_screen_row_position=&#8221;middle&#8221; column_margin=&#8221;default&#8221; equal_height=&#8221;yes&#8221; column_direction=&#8221;default&#8221; column_direction_tablet=&#8221;default&#8221; column_direction_phone=&#8221;default&#8221; bg_image=&#8221;15755&#8243; bg_position=&#8221;center center&#8221; background_image_loading=&#8221;default&#8221; bg_repeat=&#8221;no-repeat&#8221; scene_position=&#8221;center&#8221; top_padding=&#8221;500px&#8221; text_color=&#8221;dark&#8221; text_align=&#8221;left&#8221; row_border_radius=&#8221;none&#8221; row_border_radius_applies=&#8221;bg&#8221; overflow=&#8221;visible&#8221; advanced_gradient_angle=&#8221;0&#8243; overlay_strength=&#8221;0.3&#8243; gradient_direction=&#8221;left_to_right&#8221; shape_divider_position=&#8221;bottom&#8221; bg_image_animation=&#8221;none&#8221; gradient_type=&#8221;default&#8221; shape_type=&#8221;&#8221;][vc_column column_padding=&#8221;no-extra-padding&#8221; column_padding_tablet=&#8221;inherit&#8221; column_padding_phone=&#8221;inherit&#8221; column_padding_position=&#8221;all&#8221; column_element_spacing=&#8221;default&#8221; background_color_opacity=&#8221;1&#8243; background_hover_color_opacity=&#8221;1&#8243; column_shadow=&#8221;none&#8221; column_border_radius=&#8221;none&#8221; column_link_target=&#8221;_self&#8221; column_position=&#8221;default&#8221; gradient_direction=&#8221;left_to_right&#8221; overlay_strength=&#8221;0.3&#8243; width=&#8221;1\/1&#8243; tablet_width_inherit=&#8221;default&#8221; tablet_text_alignment=&#8221;default&#8221; phone_text_alignment=&#8221;default&#8221; animation_type=&#8221;default&#8221; bg_image_animation=&#8221;none&#8221; border_type=&#8221;simple&#8221; column_border_width=&#8221;none&#8221; column_border_style=&#8221;solid&#8221;][divider line_type=&#8221;No Line&#8221;][\/vc_column][\/vc_row][vc_row type=&#8221;in_container&#8221; full_screen_row_position=&#8221;middle&#8221; column_margin=&#8221;default&#8221; column_direction=&#8221;default&#8221; column_direction_tablet=&#8221;default&#8221; column_direction_phone=&#8221;default&#8221; scene_position=&#8221;center&#8221; text_color=&#8221;dark&#8221; text_align=&#8221;left&#8221; row_border_radius=&#8221;none&#8221; row_border_radius_applies=&#8221;bg&#8221; overflow=&#8221;visible&#8221; overlay_strength=&#8221;0.3&#8243; gradient_direction=&#8221;left_to_right&#8221; shape_divider_position=&#8221;bottom&#8221; bg_image_animation=&#8221;none&#8221;][vc_column column_padding=&#8221;no-extra-padding&#8221; column_padding_tablet=&#8221;inherit&#8221; column_padding_phone=&#8221;inherit&#8221; column_padding_position=&#8221;all&#8221; column_element_spacing=&#8221;default&#8221; background_color_opacity=&#8221;1&#8243; background_hover_color_opacity=&#8221;1&#8243; column_shadow=&#8221;none&#8221; column_border_radius=&#8221;none&#8221; column_link_target=&#8221;_self&#8221; column_position=&#8221;default&#8221; gradient_direction=&#8221;left_to_right&#8221; overlay_strength=&#8221;0.3&#8243; width=&#8221;1\/6&#8243; tablet_width_inherit=&#8221;default&#8221; tablet_text_alignment=&#8221;default&#8221; phone_text_alignment=&#8221;default&#8221; animation_type=&#8221;default&#8221; bg_image_animation=&#8221;none&#8221; border_type=&#8221;simple&#8221; column_border_width=&#8221;none&#8221; column_border_style=&#8221;solid&#8221;][\/vc_column][vc_column column_padding=&#8221;no-extra-padding&#8221; column_padding_tablet=&#8221;inherit&#8221; column_padding_phone=&#8221;inherit&#8221; column_padding_position=&#8221;all&#8221; top_margin=&#8221;40px&#8221; column_element_spacing=&#8221;default&#8221; background_color_opacity=&#8221;1&#8243; background_hover_color_opacity=&#8221;1&#8243; column_shadow=&#8221;none&#8221; column_border_radius=&#8221;none&#8221; column_link_target=&#8221;_self&#8221; column_position=&#8221;default&#8221; advanced_gradient_angle=&#8221;0&#8243; gradient_direction=&#8221;left_to_right&#8221; overlay_strength=&#8221;0.3&#8243; width=&#8221;2\/3&#8243; tablet_width_inherit=&#8221;default&#8221; tablet_text_alignment=&#8221;default&#8221; phone_text_alignment=&#8221;default&#8221; animation_type=&#8221;default&#8221; bg_image_animation=&#8221;none&#8221; border_type=&#8221;simple&#8221; column_border_width=&#8221;none&#8221; column_border_style=&#8221;solid&#8221; gradient_type=&#8221;default&#8221;][vc_custom_heading text=&#8221;Start of the Navigation Campaign&#8221; use_theme_fonts=&#8221;yes&#8221;][vc_custom_heading text=&#8221;Cabo de Palos, Cartagena, Murcia Region 9\u201310 May 2025&#8243; font_container=&#8221;tag:h3|text_align:left&#8221; use_theme_fonts=&#8221;yes&#8221;][\/vc_column][vc_column column_padding=&#8221;no-extra-padding&#8221; column_padding_tablet=&#8221;inherit&#8221; column_padding_phone=&#8221;inherit&#8221; column_padding_position=&#8221;all&#8221; column_element_spacing=&#8221;default&#8221; background_color_opacity=&#8221;1&#8243; background_hover_color_opacity=&#8221;1&#8243; column_shadow=&#8221;none&#8221; column_border_radius=&#8221;none&#8221; column_link_target=&#8221;_self&#8221; column_position=&#8221;default&#8221; gradient_direction=&#8221;left_to_right&#8221; overlay_strength=&#8221;0.3&#8243; width=&#8221;1\/6&#8243; tablet_width_inherit=&#8221;default&#8221; tablet_text_alignment=&#8221;default&#8221; phone_text_alignment=&#8221;default&#8221; animation_type=&#8221;default&#8221; bg_image_animation=&#8221;none&#8221; border_type=&#8221;simple&#8221; column_border_width=&#8221;none&#8221; column_border_style=&#8221;solid&#8221;][\/vc_column][\/vc_row][vc_row type=&#8221;in_container&#8221; full_screen_row_position=&#8221;middle&#8221; column_margin=&#8221;default&#8221; column_direction=&#8221;default&#8221; column_direction_tablet=&#8221;default&#8221; column_direction_phone=&#8221;default&#8221; scene_position=&#8221;center&#8221; text_color=&#8221;dark&#8221; text_align=&#8221;left&#8221; row_border_radius=&#8221;none&#8221; row_border_radius_applies=&#8221;bg&#8221; overflow=&#8221;visible&#8221; overlay_strength=&#8221;0.3&#8243; gradient_direction=&#8221;left_to_right&#8221; shape_divider_position=&#8221;bottom&#8221; bg_image_animation=&#8221;none&#8221;][vc_column column_padding=&#8221;no-extra-padding&#8221; column_padding_tablet=&#8221;inherit&#8221; column_padding_phone=&#8221;inherit&#8221; column_padding_position=&#8221;all&#8221; column_element_spacing=&#8221;default&#8221; background_color_opacity=&#8221;1&#8243; background_hover_color_opacity=&#8221;1&#8243; column_shadow=&#8221;none&#8221; column_border_radius=&#8221;none&#8221; column_link_target=&#8221;_self&#8221; column_position=&#8221;default&#8221; gradient_direction=&#8221;left_to_right&#8221; overlay_strength=&#8221;0.3&#8243; width=&#8221;1\/6&#8243; tablet_width_inherit=&#8221;default&#8221; tablet_text_alignment=&#8221;default&#8221; phone_text_alignment=&#8221;default&#8221; animation_type=&#8221;default&#8221; bg_image_animation=&#8221;none&#8221; border_type=&#8221;simple&#8221; column_border_width=&#8221;none&#8221; column_border_style=&#8221;solid&#8221;][\/vc_column][vc_column column_padding=&#8221;no-extra-padding&#8221; column_padding_tablet=&#8221;inherit&#8221; column_padding_phone=&#8221;inherit&#8221; column_padding_position=&#8221;all&#8221; column_element_spacing=&#8221;default&#8221; background_color_opacity=&#8221;1&#8243; background_hover_color_opacity=&#8221;1&#8243; column_shadow=&#8221;none&#8221; column_border_radius=&#8221;none&#8221; column_link_target=&#8221;_self&#8221; column_position=&#8221;default&#8221; gradient_direction=&#8221;left_to_right&#8221; overlay_strength=&#8221;0.3&#8243; width=&#8221;2\/3&#8243; tablet_width_inherit=&#8221;default&#8221; tablet_text_alignment=&#8221;default&#8221; phone_text_alignment=&#8221;default&#8221; animation_type=&#8221;default&#8221; bg_image_animation=&#8221;none&#8221; border_type=&#8221;simple&#8221; column_border_width=&#8221;none&#8221; column_border_style=&#8221;solid&#8221;][vc_column_text]The port of Cabo de Palos was the starting point of the navigation campaign, which covered more than 10 marine sites of the Natura 2000 Network to raise awareness of the benefits and opportunities of these areas.<\/p>\n<p>Off the coast of the Region of Murcia there are eight such marine sites. One of them is the Site of Community Importance (SCI) Calblanque, Monte de las Cenizas and Pe\u00f1a del \u00c1guila, located at the eastern end of the Murcian coastline, between Cabo de Palos and Portm\u00e1n. This protected area of rugged cliffs, dunes and beautiful coves is an outstanding example of a well-preserved Mediterranean coastline, where the seabed relief gives rise to very rich and diverse biological communities.<\/p>\n<p>It harbours seagrass meadows of Posidonia oceanica, a key species for the conservation of the Mediterranean marine ecosystem. The availability of high-quality food in this coastal zone makes it part of the migratory routes of cetaceans and marine turtles.<\/p>\n<p>Among the species inhabiting its waters are the fin whale (*Balaenoptera physalus*), the loggerhead turtle (*Caretta caretta*), the bottlenose dolphin (*Tursiops truncatus*), and the red gorgonian (*Paramuricea clavata*), colonies of organisms that serve as resting and refuge areas for other animals.<\/p>\n<p>On the morning of 9 May, at the Cabo de Palos\u2013Islas Hormigas Marine Reserve Office, a public information session was held to present the project and highlight the values of the Natura 2000 Network. In the afternoon, a meeting was held with representatives of the fisheries, tourism and other local sectors to exchange experiences and discuss the opportunities for sustainable development offered by these protected areas.<\/p>\n<p>On 10 May, the programme continued with a guided boat tour of the protected area of Calblanque, Monte de las Cenizas and Pe\u00f1a del \u00c1guila, allowing participants to discover the diversity of marine and terrestrial habitats in the area, as well as the importance of preserving them for future generations.<\/p>\n<p><strong>to download EN: <a href=\"https:\/\/lifeamarnatura2000.eu\/wp-content\/uploads\/2026\/01\/Calblanque-Monte-de-las-Cenizas-y-Pena-del-Aguila-Murcia-brochure.pdf\">Calblanque, Monte de las Cenizas y Pe\u00f1a del \u00c1guila (Murcia) brochure<\/a><\/strong><\/p>\n<p>Brochure on the Calblanque, Monte de las Cenizas and Pe\u00f1a del \u00c1guila SCI and other marine areas of the Natura 2000 Network in the Region of Murcia.[CR1]\n[CR1]Link to the PDF saved in the folder \u201cBrochures english\u201d\u201d[\/vc_column_text][\/vc_column][vc_column column_padding=&#8221;no-extra-padding&#8221; column_padding_tablet=&#8221;inherit&#8221; column_padding_phone=&#8221;inherit&#8221; column_padding_position=&#8221;all&#8221; column_element_spacing=&#8221;default&#8221; background_color_opacity=&#8221;1&#8243; background_hover_color_opacity=&#8221;1&#8243; column_shadow=&#8221;none&#8221; column_border_radius=&#8221;none&#8221; column_link_target=&#8221;_self&#8221; column_position=&#8221;default&#8221; gradient_direction=&#8221;left_to_right&#8221; overlay_strength=&#8221;0.3&#8243; width=&#8221;1\/6&#8243; tablet_width_inherit=&#8221;default&#8221; tablet_text_alignment=&#8221;default&#8221; phone_text_alignment=&#8221;default&#8221; animation_type=&#8221;default&#8221; bg_image_animation=&#8221;none&#8221; border_type=&#8221;simple&#8221; column_border_width=&#8221;none&#8221; column_border_style=&#8221;solid&#8221;][\/vc_column][\/vc_row][vc_row type=&#8221;in_container&#8221; full_screen_row_position=&#8221;middle&#8221; column_margin=&#8221;default&#8221; column_direction=&#8221;default&#8221; column_direction_tablet=&#8221;default&#8221; column_direction_phone=&#8221;default&#8221; scene_position=&#8221;center&#8221; text_color=&#8221;dark&#8221; text_align=&#8221;left&#8221; row_border_radius=&#8221;none&#8221; row_border_radius_applies=&#8221;bg&#8221; overflow=&#8221;visible&#8221; overlay_strength=&#8221;0.3&#8243; gradient_direction=&#8221;left_to_right&#8221; shape_divider_position=&#8221;bottom&#8221; bg_image_animation=&#8221;none&#8221;][vc_column column_padding=&#8221;no-extra-padding&#8221; column_padding_tablet=&#8221;inherit&#8221; column_padding_phone=&#8221;inherit&#8221; column_padding_position=&#8221;all&#8221; column_element_spacing=&#8221;default&#8221; background_color_opacity=&#8221;1&#8243; background_hover_color_opacity=&#8221;1&#8243; column_shadow=&#8221;none&#8221; column_border_radius=&#8221;none&#8221; column_link_target=&#8221;_self&#8221; column_position=&#8221;default&#8221; gradient_direction=&#8221;left_to_right&#8221; overlay_strength=&#8221;0.3&#8243; width=&#8221;1\/1&#8243; tablet_width_inherit=&#8221;default&#8221; tablet_text_alignment=&#8221;default&#8221; phone_text_alignment=&#8221;default&#8221; animation_type=&#8221;default&#8221; bg_image_animation=&#8221;none&#8221; border_type=&#8221;simple&#8221; column_border_width=&#8221;none&#8221; column_border_style=&#8221;solid&#8221;][vc_gallery type=&#8221;flickity_static_height_style&#8221; images=&#8221;15716,15719,15722,15725,15728,15740,15743,15746,15749&#8243; flickity_spacing=&#8221;default&#8221; flickity_controls=&#8221;pagination&#8221; flickity_overflow=&#8221;hidden&#8221; flickity_wrap_around=&#8221;wrap&#8221; flickity_box_shadow=&#8221;none&#8221; image_loading=&#8221;default&#8221; onclick=&#8221;link_no&#8221;][\/vc_column][\/vc_row]\n","protected":false},"excerpt":{"rendered":"<p>[vc_row type=&#8221;full_width_content&#8221; full_screen_row_position=&#8221;middle&#8221; column_margin=&#8221;default&#8221; equal_height=&#8221;yes&#8221; column_direction=&#8221;default&#8221; column_direction_tablet=&#8221;default&#8221; column_direction_phone=&#8221;default&#8221; bg_image=&#8221;15755&#8243; bg_position=&#8221;center center&#8221; background_image_loading=&#8221;default&#8221; bg_repeat=&#8221;no-repeat&#8221; scene_position=&#8221;center&#8221; top_padding=&#8221;500px&#8221; text_color=&#8221;dark&#8221; text_align=&#8221;left&#8221; row_border_radius=&#8221;none&#8221; row_border_radius_applies=&#8221;bg&#8221; overflow=&#8221;visible&#8221; advanced_gradient_angle=&#8221;0&#8243; overlay_strength=&#8221;0.3&#8243; gradient_direction=&#8221;left_to_right&#8221; shape_divider_position=&#8221;bottom&#8221; bg_image_animation=&#8221;none&#8221; gradient_type=&#8221;default&#8221; shape_type=&#8221;&#8221;][vc_column column_padding=&#8221;no-extra-padding&#8221; column_padding_tablet=&#8221;inherit&#8221; column_padding_phone=&#8221;inherit&#8221;&#8230;<\/p>\n","protected":false},"author":2,"featured_media":15684,"parent":0,"menu_order":0,"comment_status":"closed","ping_status":"closed","template":"","meta":{"inline_featured_image":false,"_monsterinsights_skip_tracking":false,"_monsterinsights_sitenote_active":false,"_monsterinsights_sitenote_note":"","_monsterinsights_sitenote_category":0,"amar_nazione":"","amar_regione":"","amar_codice":"","amar_tipologia":"","amar_ente":"","amar_habitat":"","amar_fauna":"","amar_flora":"","amar_link":"","amar_email":"","amar_contatti":"","amar_media":"","amar_tipo_sito":"","amar_reg_biog":"","amar_aggiorn":"","amar_fuso":"","amar_area":"","amar_perimeter":"","amar_hectares":"","amar_nowprint":"","amar_sic_zsc":"","amar_kml_coords_simple":"","amar_insert_gallery_img":"","amar_gallery_approved":[],"amar_gallery_massive":[]},"acf":[],"yoast_head":"<!-- This site is optimized with the Yoast SEO plugin v21.8 - https:\/\/yoast.com\/wordpress\/plugins\/seo\/ -->\n<title>Start of the Navigation Campaign - LIFE A-MAR<\/title>\n<meta name=\"description\" content=\"The port of Cabo de Palos was the starting point of the navigation campaign, which covered more than 10 marine sites of the Natura 2000 Network to raise awareness of the benefits and opportunities of these areas.\" \/>\n<meta name=\"robots\" content=\"index, follow, max-snippet:-1, max-image-preview:large, max-video-preview:-1\" \/>\n<link rel=\"canonical\" href=\"https:\/\/lifeamarnatura2000.eu\/en\/start-of-the-navigation-campaign\/\" \/>\n<meta property=\"og:locale\" content=\"en_US\" \/>\n<meta property=\"og:type\" content=\"article\" \/>\n<meta property=\"og:title\" content=\"Start of the Navigation Campaign - LIFE A-MAR\" \/>\n<meta property=\"og:description\" content=\"The port of Cabo de Palos was the starting point of the navigation campaign, which covered more than 10 marine sites of the Natura 2000 Network to raise awareness of the benefits and opportunities of these areas.\" \/>\n<meta property=\"og:url\" content=\"https:\/\/lifeamarnatura2000.eu\/en\/start-of-the-navigation-campaign\/\" \/>\n<meta property=\"og:site_name\" content=\"LIFE A-MAR\" \/>\n<meta property=\"article:modified_time\" content=\"2026-02-11T13:59:46+00:00\" \/>\n<meta property=\"og:image\" content=\"https:\/\/lifeamarnatura2000.eu\/wp-content\/uploads\/2026\/01\/1-cabo-palos-murcia-scaled.jpeg\" \/>\n\t<meta property=\"og:image:width\" content=\"2560\" \/>\n\t<meta property=\"og:image:height\" content=\"1707\" \/>\n\t<meta property=\"og:image:type\" content=\"image\/jpeg\" \/>\n<meta name=\"twitter:card\" content=\"summary_large_image\" \/>\n<meta name=\"twitter:label1\" content=\"Est. reading time\" \/>\n\t<meta name=\"twitter:data1\" content=\"6 minutes\" \/>\n<script type=\"application\/ld+json\" class=\"yoast-schema-graph\">{\"@context\":\"https:\/\/schema.org\",\"@graph\":[{\"@type\":\"WebPage\",\"@id\":\"https:\/\/lifeamarnatura2000.eu\/en\/start-of-the-navigation-campaign\/\",\"url\":\"https:\/\/lifeamarnatura2000.eu\/en\/start-of-the-navigation-campaign\/\",\"name\":\"Start of the Navigation Campaign - LIFE A-MAR\",\"isPartOf\":{\"@id\":\"https:\/\/lifeamarnatura2000.eu\/en\/#website\"},\"datePublished\":\"2026-01-16T16:34:19+00:00\",\"dateModified\":\"2026-02-11T13:59:46+00:00\",\"description\":\"The port of Cabo de Palos was the starting point of the navigation campaign, which covered more than 10 marine sites of the Natura 2000 Network to raise awareness of the benefits and opportunities of these areas.\",\"breadcrumb\":{\"@id\":\"https:\/\/lifeamarnatura2000.eu\/en\/start-of-the-navigation-campaign\/#breadcrumb\"},\"inLanguage\":\"en-US\",\"potentialAction\":[{\"@type\":\"ReadAction\",\"target\":[\"https:\/\/lifeamarnatura2000.eu\/en\/start-of-the-navigation-campaign\/\"]}]},{\"@type\":\"BreadcrumbList\",\"@id\":\"https:\/\/lifeamarnatura2000.eu\/en\/start-of-the-navigation-campaign\/#breadcrumb\",\"itemListElement\":[{\"@type\":\"ListItem\",\"position\":1,\"name\":\"Home\",\"item\":\"https:\/\/lifeamarnatura2000.eu\/en\/\"},{\"@type\":\"ListItem\",\"position\":2,\"name\":\"Start of the Navigation Campaign\"}]},{\"@type\":\"WebSite\",\"@id\":\"https:\/\/lifeamarnatura2000.eu\/en\/#website\",\"url\":\"https:\/\/lifeamarnatura2000.eu\/en\/\",\"name\":\"LIFE A-MAR\",\"description\":\"Amare il mare e i suoi siti protetti, imparando a conoscerli\",\"potentialAction\":[{\"@type\":\"SearchAction\",\"target\":{\"@type\":\"EntryPoint\",\"urlTemplate\":\"https:\/\/lifeamarnatura2000.eu\/en\/?s={search_term_string}\"},\"query-input\":\"required name=search_term_string\"}],\"inLanguage\":\"en-US\"}]}<\/script>\n<!-- \/ Yoast SEO plugin. -->","yoast_head_json":{"title":"Start of the Navigation Campaign - LIFE A-MAR","description":"The port of Cabo de Palos was the starting point of the navigation campaign, which covered more than 10 marine sites of the Natura 2000 Network to raise awareness of the benefits and opportunities of these areas.","robots":{"index":"index","follow":"follow","max-snippet":"max-snippet:-1","max-image-preview":"max-image-preview:large","max-video-preview":"max-video-preview:-1"},"canonical":"https:\/\/lifeamarnatura2000.eu\/en\/start-of-the-navigation-campaign\/","og_locale":"en_US","og_type":"article","og_title":"Start of the Navigation Campaign - LIFE A-MAR","og_description":"The port of Cabo de Palos was the starting point of the navigation campaign, which covered more than 10 marine sites of the Natura 2000 Network to raise awareness of the benefits and opportunities of these areas.","og_url":"https:\/\/lifeamarnatura2000.eu\/en\/start-of-the-navigation-campaign\/","og_site_name":"LIFE A-MAR","article_modified_time":"2026-02-11T13:59:46+00:00","og_image":[{"width":2560,"height":1707,"url":"https:\/\/lifeamarnatura2000.eu\/wp-content\/uploads\/2026\/01\/1-cabo-palos-murcia-scaled.jpeg","type":"image\/jpeg"}],"twitter_card":"summary_large_image","twitter_misc":{"Est. reading time":"6 minutes"},"schema":{"@context":"https:\/\/schema.org","@graph":[{"@type":"WebPage","@id":"https:\/\/lifeamarnatura2000.eu\/en\/start-of-the-navigation-campaign\/","url":"https:\/\/lifeamarnatura2000.eu\/en\/start-of-the-navigation-campaign\/","name":"Start of the Navigation Campaign - LIFE A-MAR","isPartOf":{"@id":"https:\/\/lifeamarnatura2000.eu\/en\/#website"},"datePublished":"2026-01-16T16:34:19+00:00","dateModified":"2026-02-11T13:59:46+00:00","description":"The port of Cabo de Palos was the starting point of the navigation campaign, which covered more than 10 marine sites of the Natura 2000 Network to raise awareness of the benefits and opportunities of these areas.","breadcrumb":{"@id":"https:\/\/lifeamarnatura2000.eu\/en\/start-of-the-navigation-campaign\/#breadcrumb"},"inLanguage":"en-US","potentialAction":[{"@type":"ReadAction","target":["https:\/\/lifeamarnatura2000.eu\/en\/start-of-the-navigation-campaign\/"]}]},{"@type":"BreadcrumbList","@id":"https:\/\/lifeamarnatura2000.eu\/en\/start-of-the-navigation-campaign\/#breadcrumb","itemListElement":[{"@type":"ListItem","position":1,"name":"Home","item":"https:\/\/lifeamarnatura2000.eu\/en\/"},{"@type":"ListItem","position":2,"name":"Start of the Navigation Campaign"}]},{"@type":"WebSite","@id":"https:\/\/lifeamarnatura2000.eu\/en\/#website","url":"https:\/\/lifeamarnatura2000.eu\/en\/","name":"LIFE A-MAR","description":"Amare il mare e i suoi siti protetti, imparando a conoscerli","potentialAction":[{"@type":"SearchAction","target":{"@type":"EntryPoint","urlTemplate":"https:\/\/lifeamarnatura2000.eu\/en\/?s={search_term_string}"},"query-input":"required name=search_term_string"}],"inLanguage":"en-US"}]}},"_links":{"self":[{"href":"https:\/\/lifeamarnatura2000.eu\/en\/wp-json\/wp\/v2\/pages\/16271"}],"collection":[{"href":"https:\/\/lifeamarnatura2000.eu\/en\/wp-json\/wp\/v2\/pages"}],"about":[{"href":"https:\/\/lifeamarnatura2000.eu\/en\/wp-json\/wp\/v2\/types\/page"}],"author":[{"embeddable":true,"href":"https:\/\/lifeamarnatura2000.eu\/en\/wp-json\/wp\/v2\/users\/2"}],"replies":[{"embeddable":true,"href":"https:\/\/lifeamarnatura2000.eu\/en\/wp-json\/wp\/v2\/comments?post=16271"}],"version-history":[{"count":13,"href":"https:\/\/lifeamarnatura2000.eu\/en\/wp-json\/wp\/v2\/pages\/16271\/revisions"}],"predecessor-version":[{"id":16325,"href":"https:\/\/lifeamarnatura2000.eu\/en\/wp-json\/wp\/v2\/pages\/16271\/revisions\/16325"}],"wp:featuredmedia":[{"embeddable":true,"href":"https:\/\/lifeamarnatura2000.eu\/en\/wp-json\/wp\/v2\/media\/15684"}],"wp:attachment":[{"href":"https:\/\/lifeamarnatura2000.eu\/en\/wp-json\/wp\/v2\/media?parent=16271"}],"curies":[{"name":"wp","href":"https:\/\/api.w.org\/{rel}","templated":true}]}}