{"id":16254,"date":"2026-01-21T16:07:00","date_gmt":"2026-01-21T15:07:00","guid":{"rendered":"https:\/\/lifeamarnatura2000.eu\/campagna-velica-nella-comunita-valenciana\/"},"modified":"2026-02-11T14:39:15","modified_gmt":"2026-02-11T13:39:15","slug":"sailing-campaign-in-valencian-community","status":"publish","type":"page","link":"https:\/\/lifeamarnatura2000.eu\/en\/sailing-campaign-in-valencian-community\/","title":{"rendered":"Sailing campaign in Valencian community"},"content":{"rendered":"[vc_row type=&#8221;full_width_content&#8221; full_screen_row_position=&#8221;middle&#8221; column_margin=&#8221;default&#8221; equal_height=&#8221;yes&#8221; column_direction=&#8221;default&#8221; column_direction_tablet=&#8221;default&#8221; column_direction_phone=&#8221;default&#8221; bg_image=&#8221;15840&#8243; bg_position=&#8221;center center&#8221; background_image_loading=&#8221;default&#8221; bg_repeat=&#8221;no-repeat&#8221; scene_position=&#8221;center&#8221; top_padding=&#8221;500px&#8221; text_color=&#8221;dark&#8221; text_align=&#8221;left&#8221; row_border_radius=&#8221;none&#8221; row_border_radius_applies=&#8221;bg&#8221; overflow=&#8221;visible&#8221; advanced_gradient_angle=&#8221;0&#8243; overlay_strength=&#8221;0.3&#8243; gradient_direction=&#8221;left_to_right&#8221; shape_divider_position=&#8221;bottom&#8221; bg_image_animation=&#8221;none&#8221; gradient_type=&#8221;default&#8221; shape_type=&#8221;&#8221;][vc_column column_padding=&#8221;no-extra-padding&#8221; column_padding_tablet=&#8221;inherit&#8221; column_padding_phone=&#8221;inherit&#8221; column_padding_position=&#8221;all&#8221; column_element_spacing=&#8221;default&#8221; background_color_opacity=&#8221;1&#8243; background_hover_color_opacity=&#8221;1&#8243; column_shadow=&#8221;none&#8221; column_border_radius=&#8221;none&#8221; column_link_target=&#8221;_self&#8221; column_position=&#8221;default&#8221; gradient_direction=&#8221;left_to_right&#8221; overlay_strength=&#8221;0.3&#8243; width=&#8221;1\/1&#8243; tablet_width_inherit=&#8221;default&#8221; tablet_text_alignment=&#8221;default&#8221; phone_text_alignment=&#8221;default&#8221; animation_type=&#8221;default&#8221; bg_image_animation=&#8221;none&#8221; border_type=&#8221;simple&#8221; column_border_width=&#8221;none&#8221; column_border_style=&#8221;solid&#8221;][divider line_type=&#8221;No Line&#8221;][\/vc_column][\/vc_row][vc_row type=&#8221;in_container&#8221; full_screen_row_position=&#8221;middle&#8221; column_margin=&#8221;default&#8221; column_direction=&#8221;default&#8221; column_direction_tablet=&#8221;default&#8221; column_direction_phone=&#8221;default&#8221; scene_position=&#8221;center&#8221; text_color=&#8221;dark&#8221; text_align=&#8221;left&#8221; row_border_radius=&#8221;none&#8221; row_border_radius_applies=&#8221;bg&#8221; overflow=&#8221;visible&#8221; overlay_strength=&#8221;0.3&#8243; gradient_direction=&#8221;left_to_right&#8221; shape_divider_position=&#8221;bottom&#8221; bg_image_animation=&#8221;none&#8221;][vc_column column_padding=&#8221;no-extra-padding&#8221; column_padding_tablet=&#8221;inherit&#8221; column_padding_phone=&#8221;inherit&#8221; column_padding_position=&#8221;all&#8221; column_element_spacing=&#8221;default&#8221; background_color_opacity=&#8221;1&#8243; background_hover_color_opacity=&#8221;1&#8243; column_shadow=&#8221;none&#8221; column_border_radius=&#8221;none&#8221; column_link_target=&#8221;_self&#8221; column_position=&#8221;default&#8221; gradient_direction=&#8221;left_to_right&#8221; overlay_strength=&#8221;0.3&#8243; width=&#8221;1\/6&#8243; tablet_width_inherit=&#8221;default&#8221; tablet_text_alignment=&#8221;default&#8221; phone_text_alignment=&#8221;default&#8221; animation_type=&#8221;default&#8221; bg_image_animation=&#8221;none&#8221; border_type=&#8221;simple&#8221; column_border_width=&#8221;none&#8221; column_border_style=&#8221;solid&#8221;][\/vc_column][vc_column column_padding=&#8221;no-extra-padding&#8221; column_padding_tablet=&#8221;inherit&#8221; column_padding_phone=&#8221;inherit&#8221; column_padding_position=&#8221;all&#8221; top_margin=&#8221;40px&#8221; column_element_spacing=&#8221;default&#8221; background_color_opacity=&#8221;1&#8243; background_hover_color_opacity=&#8221;1&#8243; column_shadow=&#8221;none&#8221; column_border_radius=&#8221;none&#8221; column_link_target=&#8221;_self&#8221; column_position=&#8221;default&#8221; advanced_gradient_angle=&#8221;0&#8243; gradient_direction=&#8221;left_to_right&#8221; overlay_strength=&#8221;0.3&#8243; width=&#8221;2\/3&#8243; tablet_width_inherit=&#8221;default&#8221; tablet_text_alignment=&#8221;default&#8221; phone_text_alignment=&#8221;default&#8221; animation_type=&#8221;default&#8221; bg_image_animation=&#8221;none&#8221; border_type=&#8221;simple&#8221; column_border_width=&#8221;none&#8221; column_border_style=&#8221;solid&#8221; gradient_type=&#8221;default&#8221;][vc_custom_heading text=&#8221;Sailing campaign in the Valencian Community, Spain&#8221; font_container=&#8221;tag:h2|text_align:left|color:%230f326c&#8221; use_theme_fonts=&#8221;yes&#8221;][vc_custom_heading text=&#8221;X\u00e0bia Marina, Alicante, 12\u201313 May 2025&#8243; font_container=&#8221;tag:h3|text_align:left|color:%230f326c&#8221; use_theme_fonts=&#8221;yes&#8221;][\/vc_column][vc_column column_padding=&#8221;no-extra-padding&#8221; column_padding_tablet=&#8221;inherit&#8221; column_padding_phone=&#8221;inherit&#8221; column_padding_position=&#8221;all&#8221; column_element_spacing=&#8221;default&#8221; background_color_opacity=&#8221;1&#8243; background_hover_color_opacity=&#8221;1&#8243; column_shadow=&#8221;none&#8221; column_border_radius=&#8221;none&#8221; column_link_target=&#8221;_self&#8221; column_position=&#8221;default&#8221; gradient_direction=&#8221;left_to_right&#8221; overlay_strength=&#8221;0.3&#8243; width=&#8221;1\/6&#8243; tablet_width_inherit=&#8221;default&#8221; tablet_text_alignment=&#8221;default&#8221; phone_text_alignment=&#8221;default&#8221; animation_type=&#8221;default&#8221; bg_image_animation=&#8221;none&#8221; border_type=&#8221;simple&#8221; column_border_width=&#8221;none&#8221; column_border_style=&#8221;solid&#8221;][\/vc_column][\/vc_row][vc_row type=&#8221;in_container&#8221; full_screen_row_position=&#8221;middle&#8221; column_margin=&#8221;default&#8221; column_direction=&#8221;default&#8221; column_direction_tablet=&#8221;default&#8221; column_direction_phone=&#8221;default&#8221; scene_position=&#8221;center&#8221; text_color=&#8221;dark&#8221; text_align=&#8221;left&#8221; row_border_radius=&#8221;none&#8221; row_border_radius_applies=&#8221;bg&#8221; overflow=&#8221;visible&#8221; overlay_strength=&#8221;0.3&#8243; gradient_direction=&#8221;left_to_right&#8221; shape_divider_position=&#8221;bottom&#8221; bg_image_animation=&#8221;none&#8221;][vc_column column_padding=&#8221;no-extra-padding&#8221; column_padding_tablet=&#8221;inherit&#8221; column_padding_phone=&#8221;inherit&#8221; column_padding_position=&#8221;all&#8221; column_element_spacing=&#8221;default&#8221; background_color_opacity=&#8221;1&#8243; background_hover_color_opacity=&#8221;1&#8243; column_shadow=&#8221;none&#8221; column_border_radius=&#8221;none&#8221; column_link_target=&#8221;_self&#8221; column_position=&#8221;default&#8221; gradient_direction=&#8221;left_to_right&#8221; overlay_strength=&#8221;0.3&#8243; width=&#8221;1\/6&#8243; tablet_width_inherit=&#8221;default&#8221; tablet_text_alignment=&#8221;default&#8221; phone_text_alignment=&#8221;default&#8221; animation_type=&#8221;default&#8221; bg_image_animation=&#8221;none&#8221; border_type=&#8221;simple&#8221; column_border_width=&#8221;none&#8221; column_border_style=&#8221;solid&#8221;][\/vc_column][vc_column column_padding=&#8221;no-extra-padding&#8221; column_padding_tablet=&#8221;inherit&#8221; column_padding_phone=&#8221;inherit&#8221; column_padding_position=&#8221;all&#8221; column_element_spacing=&#8221;default&#8221; background_color_opacity=&#8221;1&#8243; background_hover_color_opacity=&#8221;1&#8243; column_shadow=&#8221;none&#8221; column_border_radius=&#8221;none&#8221; column_link_target=&#8221;_self&#8221; column_position=&#8221;default&#8221; gradient_direction=&#8221;left_to_right&#8221; overlay_strength=&#8221;0.3&#8243; width=&#8221;2\/3&#8243; tablet_width_inherit=&#8221;default&#8221; tablet_text_alignment=&#8221;default&#8221; phone_text_alignment=&#8221;default&#8221; animation_type=&#8221;default&#8221; bg_image_animation=&#8221;none&#8221; border_type=&#8221;simple&#8221; column_border_width=&#8221;none&#8221; column_border_style=&#8221;solid&#8221;][vc_column_text]After its stopover in the Region of Murcia, the LIFE A-MAR navigation campaign arrived in the Valencian Community on 12 and 13 May, with awareness-raising activities open to the public and meetings with socio-economic stakeholders, aimed at highlighting the natural values of its protected marine areas.<\/p>\n<p><strong>On 12 May, <\/strong>the X\u00e0bia Marina (Alicante) hosted an information day open to local residents and visitors, bringing the project\u2019s message closer to the community. In the afternoon, at the Duanes Library and Social Centre, a meeting was held with local socio-economic stakeholders to discuss opportunities and challenges for the conservation and sustainable use of the marine areas of the Natura 2000 Network.<\/p>\n<p><strong>On the morning of 13 May,<\/strong> the programme concluded with a guided boat trip through the protected area of Montg\u00f3\u2013Cap de Sant Antoni, allowing participants to explore its marine diversity and appreciate the biological and landscape richness of this unique site.<\/p>\n<p><strong>Protected Marine Areas in the Valencian Community<\/strong><\/p>\n<p>Off the coast of the Valencian Community there are 22 such marine sites. One of them is the Special Protection Area for Birds (SPA) <strong>Montg\u00f3\u2013Cap de Sant Antoni<\/strong>, located between the municipalities of X\u00e0bia and D\u00e9nia. It forms part of the Montg\u00f3 Massif Natural Park. Beyond its impressive cliffs, extending into the sea, the seabed is composed of rocky and sandy substrates characterised by extraordinary marine biodiversity, ranging from small invertebrates such as anemones and limpets to large creatures such as moray eels and groupers.<\/p>\n<p>The great variety of environments present in Cap de Sant Antoni allows for the development of a significant number of benthic communities, some of them of high ecological interest.<\/p>\n<p>Among the protected species inhabiting its waters are the fin whale (<em>Balaenoptera physalus<\/em>), the loggerhead turtle (<em>Caretta caretta<\/em>), and the orange gorgonian (<em>Leptogorgia sarmentosa<\/em>), also known as \u201csea fans\u201d. These colonies of organisms are highly valuable as resting and feeding grounds for other marine species.<\/p>\n<p><strong>To download<\/strong>: <a href=\"https:\/\/lifeamarnatura2000.eu\/wp-content\/uploads\/2026\/01\/Montgo-Cap-de-Sant-Antoni-Valencia-brochure.pdf\">Montg\u00f3-Cap de Sant Antoni (Valencia) brochure<\/a><\/p>\n<p>Brochure on the marine areas of the Natura 2000 Network in the Valencian Community.[\/vc_column_text][\/vc_column][vc_column column_padding=&#8221;no-extra-padding&#8221; column_padding_tablet=&#8221;inherit&#8221; column_padding_phone=&#8221;inherit&#8221; column_padding_position=&#8221;all&#8221; column_element_spacing=&#8221;default&#8221; background_color_opacity=&#8221;1&#8243; background_hover_color_opacity=&#8221;1&#8243; column_shadow=&#8221;none&#8221; column_border_radius=&#8221;none&#8221; column_link_target=&#8221;_self&#8221; column_position=&#8221;default&#8221; gradient_direction=&#8221;left_to_right&#8221; overlay_strength=&#8221;0.3&#8243; width=&#8221;1\/6&#8243; tablet_width_inherit=&#8221;default&#8221; tablet_text_alignment=&#8221;default&#8221; phone_text_alignment=&#8221;default&#8221; animation_type=&#8221;default&#8221; bg_image_animation=&#8221;none&#8221; border_type=&#8221;simple&#8221; column_border_width=&#8221;none&#8221; column_border_style=&#8221;solid&#8221;][\/vc_column][\/vc_row][vc_row type=&#8221;in_container&#8221; full_screen_row_position=&#8221;middle&#8221; column_margin=&#8221;default&#8221; column_direction=&#8221;default&#8221; column_direction_tablet=&#8221;default&#8221; column_direction_phone=&#8221;default&#8221; scene_position=&#8221;center&#8221; text_color=&#8221;dark&#8221; text_align=&#8221;left&#8221; row_border_radius=&#8221;none&#8221; row_border_radius_applies=&#8221;bg&#8221; overflow=&#8221;visible&#8221; overlay_strength=&#8221;0.3&#8243; gradient_direction=&#8221;left_to_right&#8221; shape_divider_position=&#8221;bottom&#8221; bg_image_animation=&#8221;none&#8221;][vc_column column_padding=&#8221;no-extra-padding&#8221; column_padding_tablet=&#8221;inherit&#8221; column_padding_phone=&#8221;inherit&#8221; column_padding_position=&#8221;all&#8221; column_element_spacing=&#8221;default&#8221; background_color_opacity=&#8221;1&#8243; background_hover_color_opacity=&#8221;1&#8243; column_shadow=&#8221;none&#8221; column_border_radius=&#8221;none&#8221; column_link_target=&#8221;_self&#8221; column_position=&#8221;default&#8221; gradient_direction=&#8221;left_to_right&#8221; overlay_strength=&#8221;0.3&#8243; width=&#8221;1\/1&#8243; tablet_width_inherit=&#8221;default&#8221; tablet_text_alignment=&#8221;default&#8221; phone_text_alignment=&#8221;default&#8221; animation_type=&#8221;default&#8221; bg_image_animation=&#8221;none&#8221; border_type=&#8221;simple&#8221; column_border_width=&#8221;none&#8221; column_border_style=&#8221;solid&#8221;][vc_gallery type=&#8221;flickity_static_height_style&#8221; images=&#8221;15843,15846,15849,15852,15855,15858,15861&#8243; flickity_spacing=&#8221;default&#8221; flickity_controls=&#8221;pagination&#8221; flickity_overflow=&#8221;hidden&#8221; flickity_wrap_around=&#8221;wrap&#8221; flickity_box_shadow=&#8221;none&#8221; image_loading=&#8221;default&#8221; onclick=&#8221;link_no&#8221;][\/vc_column][\/vc_row]\n","protected":false},"excerpt":{"rendered":"<p>[vc_row type=&#8221;full_width_content&#8221; full_screen_row_position=&#8221;middle&#8221; column_margin=&#8221;default&#8221; equal_height=&#8221;yes&#8221; column_direction=&#8221;default&#8221; column_direction_tablet=&#8221;default&#8221; column_direction_phone=&#8221;default&#8221; bg_image=&#8221;15840&#8243; bg_position=&#8221;center center&#8221; background_image_loading=&#8221;default&#8221; bg_repeat=&#8221;no-repeat&#8221; scene_position=&#8221;center&#8221; top_padding=&#8221;500px&#8221; text_color=&#8221;dark&#8221; text_align=&#8221;left&#8221; row_border_radius=&#8221;none&#8221; row_border_radius_applies=&#8221;bg&#8221; overflow=&#8221;visible&#8221; advanced_gradient_angle=&#8221;0&#8243; overlay_strength=&#8221;0.3&#8243; gradient_direction=&#8221;left_to_right&#8221; shape_divider_position=&#8221;bottom&#8221; bg_image_animation=&#8221;none&#8221; gradient_type=&#8221;default&#8221; shape_type=&#8221;&#8221;][vc_column column_padding=&#8221;no-extra-padding&#8221; column_padding_tablet=&#8221;inherit&#8221; column_padding_phone=&#8221;inherit&#8221;&#8230;<\/p>\n","protected":false},"author":2,"featured_media":15841,"parent":0,"menu_order":0,"comment_status":"closed","ping_status":"closed","template":"","meta":{"inline_featured_image":false,"_monsterinsights_skip_tracking":false,"_monsterinsights_sitenote_active":false,"_monsterinsights_sitenote_note":"","_monsterinsights_sitenote_category":0,"amar_nazione":"","amar_regione":"","amar_codice":"","amar_tipologia":"","amar_ente":"","amar_habitat":"","amar_fauna":"","amar_flora":"","amar_link":"","amar_email":"","amar_contatti":"","amar_media":"","amar_tipo_sito":"","amar_reg_biog":"","amar_aggiorn":"","amar_fuso":"","amar_area":"","amar_perimeter":"","amar_hectares":"","amar_nowprint":"","amar_sic_zsc":"","amar_kml_coords_simple":"","amar_insert_gallery_img":"","amar_gallery_approved":[],"amar_gallery_massive":[]},"acf":[],"yoast_head":"<!-- This site is optimized with the Yoast SEO plugin v21.8 - https:\/\/yoast.com\/wordpress\/plugins\/seo\/ -->\n<title>Sailing campaign in Valencian community - LIFE A-MAR<\/title>\n<meta name=\"robots\" content=\"index, follow, max-snippet:-1, max-image-preview:large, max-video-preview:-1\" \/>\n<link rel=\"canonical\" href=\"https:\/\/lifeamarnatura2000.eu\/en\/sailing-campaign-in-valencian-community\/\" \/>\n<meta property=\"og:locale\" content=\"en_US\" \/>\n<meta property=\"og:type\" content=\"article\" \/>\n<meta property=\"og:title\" content=\"Sailing campaign in Valencian community - LIFE A-MAR\" \/>\n<meta property=\"og:description\" content=\"[vc_row type=&#8221;full_width_content&#8221; full_screen_row_position=&#8221;middle&#8221; column_margin=&#8221;default&#8221; equal_height=&#8221;yes&#8221; column_direction=&#8221;default&#8221; column_direction_tablet=&#8221;default&#8221; column_direction_phone=&#8221;default&#8221; bg_image=&#8221;15840&#8243; bg_position=&#8221;center center&#8221; background_image_loading=&#8221;default&#8221; bg_repeat=&#8221;no-repeat&#8221; scene_position=&#8221;center&#8221; top_padding=&#8221;500px&#8221; text_color=&#8221;dark&#8221; text_align=&#8221;left&#8221; row_border_radius=&#8221;none&#8221; row_border_radius_applies=&#8221;bg&#8221; overflow=&#8221;visible&#8221; advanced_gradient_angle=&#8221;0&#8243; overlay_strength=&#8221;0.3&#8243; gradient_direction=&#8221;left_to_right&#8221; shape_divider_position=&#8221;bottom&#8221; bg_image_animation=&#8221;none&#8221; gradient_type=&#8221;default&#8221; shape_type=&#8221;&#8221;][vc_column column_padding=&#8221;no-extra-padding&#8221; column_padding_tablet=&#8221;inherit&#8221; column_padding_phone=&#8221;inherit&#8221;...\" \/>\n<meta property=\"og:url\" content=\"https:\/\/lifeamarnatura2000.eu\/en\/sailing-campaign-in-valencian-community\/\" \/>\n<meta property=\"og:site_name\" content=\"LIFE A-MAR\" \/>\n<meta property=\"article:modified_time\" content=\"2026-02-11T13:39:15+00:00\" \/>\n<meta property=\"og:image\" content=\"https:\/\/lifeamarnatura2000.eu\/wp-content\/uploads\/2026\/01\/2-Illots-de-Benidorm-i-Serra-Gelada-1-scaled.jpeg\" \/>\n\t<meta property=\"og:image:width\" content=\"2560\" \/>\n\t<meta property=\"og:image:height\" content=\"1707\" \/>\n\t<meta property=\"og:image:type\" content=\"image\/jpeg\" \/>\n<meta name=\"twitter:card\" content=\"summary_large_image\" \/>\n<meta name=\"twitter:label1\" content=\"Est. reading time\" \/>\n\t<meta name=\"twitter:data1\" content=\"6 minutes\" \/>\n<script type=\"application\/ld+json\" class=\"yoast-schema-graph\">{\"@context\":\"https:\/\/schema.org\",\"@graph\":[{\"@type\":\"WebPage\",\"@id\":\"https:\/\/lifeamarnatura2000.eu\/en\/sailing-campaign-in-valencian-community\/\",\"url\":\"https:\/\/lifeamarnatura2000.eu\/en\/sailing-campaign-in-valencian-community\/\",\"name\":\"Sailing campaign in Valencian community - LIFE A-MAR\",\"isPartOf\":{\"@id\":\"https:\/\/lifeamarnatura2000.eu\/en\/#website\"},\"datePublished\":\"2026-01-21T15:07:00+00:00\",\"dateModified\":\"2026-02-11T13:39:15+00:00\",\"breadcrumb\":{\"@id\":\"https:\/\/lifeamarnatura2000.eu\/en\/sailing-campaign-in-valencian-community\/#breadcrumb\"},\"inLanguage\":\"en-US\",\"potentialAction\":[{\"@type\":\"ReadAction\",\"target\":[\"https:\/\/lifeamarnatura2000.eu\/en\/sailing-campaign-in-valencian-community\/\"]}]},{\"@type\":\"BreadcrumbList\",\"@id\":\"https:\/\/lifeamarnatura2000.eu\/en\/sailing-campaign-in-valencian-community\/#breadcrumb\",\"itemListElement\":[{\"@type\":\"ListItem\",\"position\":1,\"name\":\"Home\",\"item\":\"https:\/\/lifeamarnatura2000.eu\/en\/\"},{\"@type\":\"ListItem\",\"position\":2,\"name\":\"Sailing campaign in Valencian community\"}]},{\"@type\":\"WebSite\",\"@id\":\"https:\/\/lifeamarnatura2000.eu\/en\/#website\",\"url\":\"https:\/\/lifeamarnatura2000.eu\/en\/\",\"name\":\"LIFE A-MAR\",\"description\":\"Amare il mare e i suoi siti protetti, imparando a conoscerli\",\"potentialAction\":[{\"@type\":\"SearchAction\",\"target\":{\"@type\":\"EntryPoint\",\"urlTemplate\":\"https:\/\/lifeamarnatura2000.eu\/en\/?s={search_term_string}\"},\"query-input\":\"required name=search_term_string\"}],\"inLanguage\":\"en-US\"}]}<\/script>\n<!-- \/ Yoast SEO plugin. -->","yoast_head_json":{"title":"Sailing campaign in Valencian community - LIFE A-MAR","robots":{"index":"index","follow":"follow","max-snippet":"max-snippet:-1","max-image-preview":"max-image-preview:large","max-video-preview":"max-video-preview:-1"},"canonical":"https:\/\/lifeamarnatura2000.eu\/en\/sailing-campaign-in-valencian-community\/","og_locale":"en_US","og_type":"article","og_title":"Sailing campaign in Valencian community - LIFE A-MAR","og_description":"[vc_row type=&#8221;full_width_content&#8221; full_screen_row_position=&#8221;middle&#8221; column_margin=&#8221;default&#8221; equal_height=&#8221;yes&#8221; column_direction=&#8221;default&#8221; column_direction_tablet=&#8221;default&#8221; column_direction_phone=&#8221;default&#8221; bg_image=&#8221;15840&#8243; bg_position=&#8221;center center&#8221; background_image_loading=&#8221;default&#8221; bg_repeat=&#8221;no-repeat&#8221; scene_position=&#8221;center&#8221; top_padding=&#8221;500px&#8221; text_color=&#8221;dark&#8221; text_align=&#8221;left&#8221; row_border_radius=&#8221;none&#8221; row_border_radius_applies=&#8221;bg&#8221; overflow=&#8221;visible&#8221; advanced_gradient_angle=&#8221;0&#8243; overlay_strength=&#8221;0.3&#8243; gradient_direction=&#8221;left_to_right&#8221; shape_divider_position=&#8221;bottom&#8221; bg_image_animation=&#8221;none&#8221; gradient_type=&#8221;default&#8221; shape_type=&#8221;&#8221;][vc_column column_padding=&#8221;no-extra-padding&#8221; column_padding_tablet=&#8221;inherit&#8221; column_padding_phone=&#8221;inherit&#8221;...","og_url":"https:\/\/lifeamarnatura2000.eu\/en\/sailing-campaign-in-valencian-community\/","og_site_name":"LIFE A-MAR","article_modified_time":"2026-02-11T13:39:15+00:00","og_image":[{"width":2560,"height":1707,"url":"https:\/\/lifeamarnatura2000.eu\/wp-content\/uploads\/2026\/01\/2-Illots-de-Benidorm-i-Serra-Gelada-1-scaled.jpeg","type":"image\/jpeg"}],"twitter_card":"summary_large_image","twitter_misc":{"Est. reading time":"6 minutes"},"schema":{"@context":"https:\/\/schema.org","@graph":[{"@type":"WebPage","@id":"https:\/\/lifeamarnatura2000.eu\/en\/sailing-campaign-in-valencian-community\/","url":"https:\/\/lifeamarnatura2000.eu\/en\/sailing-campaign-in-valencian-community\/","name":"Sailing campaign in Valencian community - LIFE A-MAR","isPartOf":{"@id":"https:\/\/lifeamarnatura2000.eu\/en\/#website"},"datePublished":"2026-01-21T15:07:00+00:00","dateModified":"2026-02-11T13:39:15+00:00","breadcrumb":{"@id":"https:\/\/lifeamarnatura2000.eu\/en\/sailing-campaign-in-valencian-community\/#breadcrumb"},"inLanguage":"en-US","potentialAction":[{"@type":"ReadAction","target":["https:\/\/lifeamarnatura2000.eu\/en\/sailing-campaign-in-valencian-community\/"]}]},{"@type":"BreadcrumbList","@id":"https:\/\/lifeamarnatura2000.eu\/en\/sailing-campaign-in-valencian-community\/#breadcrumb","itemListElement":[{"@type":"ListItem","position":1,"name":"Home","item":"https:\/\/lifeamarnatura2000.eu\/en\/"},{"@type":"ListItem","position":2,"name":"Sailing campaign in Valencian community"}]},{"@type":"WebSite","@id":"https:\/\/lifeamarnatura2000.eu\/en\/#website","url":"https:\/\/lifeamarnatura2000.eu\/en\/","name":"LIFE A-MAR","description":"Amare il mare e i suoi siti protetti, imparando a conoscerli","potentialAction":[{"@type":"SearchAction","target":{"@type":"EntryPoint","urlTemplate":"https:\/\/lifeamarnatura2000.eu\/en\/?s={search_term_string}"},"query-input":"required name=search_term_string"}],"inLanguage":"en-US"}]}},"_links":{"self":[{"href":"https:\/\/lifeamarnatura2000.eu\/en\/wp-json\/wp\/v2\/pages\/16254"}],"collection":[{"href":"https:\/\/lifeamarnatura2000.eu\/en\/wp-json\/wp\/v2\/pages"}],"about":[{"href":"https:\/\/lifeamarnatura2000.eu\/en\/wp-json\/wp\/v2\/types\/page"}],"author":[{"embeddable":true,"href":"https:\/\/lifeamarnatura2000.eu\/en\/wp-json\/wp\/v2\/users\/2"}],"replies":[{"embeddable":true,"href":"https:\/\/lifeamarnatura2000.eu\/en\/wp-json\/wp\/v2\/comments?post=16254"}],"version-history":[{"count":2,"href":"https:\/\/lifeamarnatura2000.eu\/en\/wp-json\/wp\/v2\/pages\/16254\/revisions"}],"predecessor-version":[{"id":16299,"href":"https:\/\/lifeamarnatura2000.eu\/en\/wp-json\/wp\/v2\/pages\/16254\/revisions\/16299"}],"wp:featuredmedia":[{"embeddable":true,"href":"https:\/\/lifeamarnatura2000.eu\/en\/wp-json\/wp\/v2\/media\/15841"}],"wp:attachment":[{"href":"https:\/\/lifeamarnatura2000.eu\/en\/wp-json\/wp\/v2\/media?parent=16254"}],"curies":[{"name":"wp","href":"https:\/\/api.w.org\/{rel}","templated":true}]}}